{"id":8375,"date":"2026-01-15T14:15:42","date_gmt":"2026-01-15T14:15:42","guid":{"rendered":"https:\/\/aecom.com\/fr-ca\/powering-your-ambitions-ca\/power-up-your-career\/"},"modified":"2026-03-23T15:23:58","modified_gmt":"2026-03-23T15:23:58","slug":"power-up-your-career","status":"publish","type":"page","link":"https:\/\/aecom.com\/fr-ca\/powering-your-ambitions-ca\/power-up-your-career\/","title":{"rendered":"Dynamisez votre carri\u00e8re\u00a0"},"content":{"rendered":"\n    <div class=\"aecom-custom-block careers-header\" style=\"background-color: #00353e; margin-top: 0px; margin-bottom: 0px;\">\n    <div class=\"careers-header-content\">\n                    <div class=\"careers-header-bg\" style=\"background-image: url('https:\/\/aecom.com\/fr-ca\/wp-content\/uploads\/2026\/01\/AdobeStock_209168348.jpg');opacity: 50%;\"><\/div>\n                    <div class=\"row no-gutters header-container\">\n                <div class=\"col careers-title\">\n                    <div class=\"header-title\">\n                        <p class=\"careers-sub-title\"><\/p>\n                        <h1>Dynamisez votre carri\u00e8re <\/h1>\n                    <\/div>\n                                            <div class=\"header-content\">\n                            <p>Ici, vos comp\u00e9tences, votre passion et vos id\u00e9es comptent.<\/p>\n<p>Joignez-vous \u00e0 nous, dynamisez votre carri\u00e8re et, ensemble, cr\u00e9ons un avenir plus durable.<\/p>\n                        <\/div>\n                                        <div class=\"cta-container\">\n\n                        <!-- add condition here -->\n                        \n                        <!-- add condition here -->\n                        \n\n                    <\/div>\n                    \n                <\/div>\n            <\/div>\n        <\/div>\n    <\/div>\n\n\n<script defer src=\"https:\/\/ajax.googleapis.com\/ajax\/libs\/jquery\/3.5.0\/jquery.min.js\"><\/script>\n<script defer src=\"https:\/\/openfpcdn.io\/fingerprintjs\/v3\/iife.min.js\"><\/script>\n<script defer src=\"https:\/\/cdn.jsdelivr.net\/npm\/lodash@4.17.21\/lodash.min.js\"><\/script>\n<script defer>\nfunction jobsGetGeo() {\n    let xmlHttp = new XMLHttpRequest();\n    xmlHttp.open(\"GET\", 'https:\/\/api.ipstack.com\/check?access_key=ed812e03f23c3e8cef4c2a73b93992a7&hostname=1', false);\n    xmlHttp.send(null);\n    var geo =  JSON.parse(xmlHttp.responseText);\n    jQuery.post({\n        url: '\/wp-admin\/admin-ajax.php',\n        data: {\n            'action':'geo_for_jobs',\n            'countryCode' : geo.country_code,\n            'region' : geo.region_name,\n            'line_filter' : 'RH_18',\n            'strategic_business_unit' : 'all',\n            'country_filter' : 'all',\n            'language_filter' : 'all',\n            'search_error_text' : `D\u00e9sol\u00e9, il semble que nous ne puissions trouver aucune opportunit\u00e9 correspondante pour le moment.`\n        },\n        success:function(response) {\n            jQuery('.JobBlock').html(response);\n            console.log(response);\n        },  \n        error: function(errorThrown){\n            console.log(errorThrown)\n        }\n    })\n}\n\njobsGetGeo();\n<\/script>\n<style>\n    .close-btn {\n        cursor: pointer;\n    }\n\n    .modal-container .modal-bg-tint {\n        width: 100%;\n        left: 0;\n    }\n<\/style>\n\n<script defer>\n    jQuery(document).ready(function(){\n        jQuery(\".JobLink\").on(\"click\", function() {\n            console.log('TEST');\n            getDescription(jQuery(this).data(\"jobref\"))\n        });\n    });\n\n    async function getDescription(jobRef) {\n        const myHeaders = new Headers();\n        myHeaders.append(\"Accept\", \"application\/json\");\n        myHeaders.append(\"x-smarttoken\", \"DCRA1-d0118b56a67f408998814c4762f50b6a\");\n        jQuery(\".jobs-loader\").css(\"display\", \"flex\");\n        const requestOptions = {\n            method: \"GET\",\n            headers: myHeaders\n        };\n        fetch(jobRef, requestOptions)\n            .then((response) => response.json())\n            .then((result) => {\n                jQuery(\".jobs-loader\").css(\"display\", \"none\");\n                buildDescription(result);\n            })\n            .catch((error) => console.error(error));\n    }\n\n    function buildDescription(Description) {\n\n        var newQuery = \"?\";\n\n        if (Description.applyUrl.includes('?')) {\n            var newQuery = \"&\";\n        }\n        \n        var vars = [], varsContent = [], hash;\n        if (window.location.href.indexOf(\"?\") >= 0) {\n        var hashes = window.location.href.slice(window.location.href.indexOf('?') + 1).split('&');\n            for(var i = 0; i < hashes.length; i++)\n            {\n                hash = hashes[i].split('=');\n                varsContent.push(hash[0]);\n                vars[hash[0]] = hash[1];\n            }\n        }\n\n        var defaults = ['utm_campaign','utm_source', 'utm_medium', 'utm_term'];\n\n        if(jQuery.inArray(\"utm_campaign\", varsContent) !== -1) {\n            newQuery += \"utm_campaign=\" + vars.utm_campaign;\n        } else {\n            newQuery += \"utm_campaign=dotcom_job_block\";\n        }\n\n        if(jQuery.inArray(\"utm_source\", varsContent) !== -1) {\n            newQuery += \"&#038;utm_source=\" + vars.utm_source;\n        } else {\n            newQuery += \"&#038;utm_source=aecom\";\n        }\n        \n        if(jQuery.inArray(\"utm_medium\", varsContent) !== -1) {\n            newQuery += \"&#038;utm_medium=\" + vars.utm_medium;\n        } else {\n            newQuery += \"&#038;utm_medium=job_block\";\n        }\n\n        if(jQuery.inArray(\"utm_term\", varsContent) !== -1) {\n            newQuery += \"&#038;utm_term=\" + vars.utm_term;\n        } else {\n            newQuery += \"&#038;utm_term=\" + window.location.pathname;\n        }\n\n        varsContent.forEach(function(value, index){\n            if (jQuery.inArray(value, defaults) == -1) {\n                console.log(value);\n                newQuery += \"&#038;\"+value+\"=\" + vars[value];\n            }\n        });\n\n        \/\/ Initialize location display with city and country\n        let locationDisplay = `<span class=\"loc-city\">${Description.location.city}<\/span>, <span class=\"loc-country\">${Description.location.country}<\/span>`;\n\n        \/\/ Append region to location display if available\n        if (Description.location.region && Description.location.region.trim() !== \"\") {\n            locationDisplay += `, <span class=\"loc-region\">${Description.location.region}<\/span>`;\n        }\n\n        jQuery(\".modal-container\").hide().html(`<div class=\"modal-bg-tint\"><div class=\"jobModalBack\"><div class=\"jobModalInner\"><div class=\"media-text-title\"><h4>${Description.name}<\/h4><h3>${locationDisplay}<\/h3><\/div><div class=\"media-text-text \">${Description.jobAd.sections.jobDescription.text}<\/div><div class=\"media-text-link\"><a target=\"_blank\" href=\"${Description.applyUrl + newQuery}\" class=\"aecom-global-cta-e-green-solid aecom-global-cta-sml aecom-global-cta-bold aecom-global-cta aecom-global-cta-bold\">Rejoindre notre \u00e9quipe<\/a><span style=\"width: 40px; display:inline-block;\"><\/span><a class=\"aecom-global-cta aecom-global-cta-sml aecom-global-cta-bold button-outline close-btn\">Fermer<\/a><\/div><\/div><\/div>`).fadeIn();\n        jQuery(\".modal-bg-tint\").fadeIn();\n\n        jQuery(\".close-btn\").on(\"click\", function() {\n            jQuery(\".modal-bg-tint\").fadeOut();\n        });\n    }\n\n<\/script>\n\n<div class=\"aecom-custom-block block-jobs-listing\" style=\"margin-top: 0px; margin-bottom: 0\">\n    <div class=\"row no-gutters flex-sm-wrap\">\n        <div class=\"col-lg-6 col-sm-12 col-md-12 joblist-jobs-column\">\n            <h2>Vos cinq meilleures opportunit\u00e9s en \u00e9nergie.<\/h2>\n            <div class=\"JobBlock\">\n                <!-- <img decoding=\"async\" style=\"width:50px;\" src=\"\/code\/wp-content\/plugins\/aecom-blocks\/images\/loading-2.gif\" alt=\"\"> -->\n                 <!-- Skeleton Loader -->\n                <div class=\"skeleton-loader\">\n                    <div class=\"job-title_skeleton skeleton\"><\/div>\n                    <div class=\"job-location_skeleton skeleton\"><\/div>\n                <\/div>\n                <div class=\"skeleton-loader\">\n                    <div class=\"job-title_skeleton skeleton\"><\/div>\n                    <div class=\"job-location_skeleton skeleton\"><\/div>\n                <\/div>\n                <div class=\"skeleton-loader\">\n                    <div class=\"job-title_skeleton skeleton\"><\/div>\n                    <div class=\"job-location_skeleton skeleton\"><\/div>\n                <\/div>\n            <\/div>\n            <div class=\"media-text-link\">\n                <p><\/p>\n                <a href=\"https:\/\/canada-fr.aecom.jobs\/secteur-daffaire\/energy\/jobs\/\" class=\"aecom-global-cta aecom-global-cta-sml aecom-global-cta-bold button-outline\">Rejoindre notre \u00e9quipe<\/a>\n            <\/div>\n        <\/div>\n        <div class=\"col-lg-6 col-sm-12 col-md-12 joblist-banner-column\" style=\"background-color: #000\">\n            <div class=\"joblist-image\" style=\"background-image: url('https:\/\/aecom.com\/fr-ca\/wp-content\/uploads\/2025\/08\/AdobeStock_1117134681.jpg');opacity: 60%;\"><\/div>\n            <div class=\"joblist-banner-content\">\n                <div class=\"joblist-banner-text\">\n                    <h2>Dynamisez votre carri\u00e8re <\/h2>\n                    <p>Joignez-vous \u00e0 notre \u00e9quipe de 9 000 experts en \u00e9nergie qui r\u00e9alise des projets innovants \u00e0 grande port\u00e9e.<\/p>\n                <\/div>\n                <div class=\"joblist-banner-button\">\n                                        <a href=\"https:\/\/smrtr.io\/mBL3r\" class=\"aecom-global-cta aecom-global-cta-sml aecom-global-cta-bold aecom-global-cta-white-transparent\">Inscrivez-vous<\/a>\n                                    <\/div>\n            <\/div>\n        <\/div>\n    <\/div>\n<\/div>\n\n<!-- empty container for insterting the modal -->\n<div class=\"modal-container\">\n<\/div>\n\n<div class=\"jobs-loader\">\n    <div class=\"loader-container\">\n        <svg class=\"loader loader-style-1\" version=\"1.1\" id=\"L4\" xmlns=\"http:\/\/www.w3.org\/2000\/svg\" xmlns:xlink=\"http:\/\/www.w3.org\/1999\/xlink\" x=\"0px\" y=\"0px\" viewBox=\"0 0 120 120\" enable-background=\"new 0 0 0 0\" xml:space=\"preserve\">\n            <circle fill=\"#AECC53\" stroke=\"none\" cx=\"35\" cy=\"50\" r=\"6\">\n                <animate attributeName=\"opacity\" dur=\"1s\" values=\"0;1;0\" repeatCount=\"indefinite\" begin=\"0.1\"><\/animate>    \n                <animate attributeName=\"r\" dur=\"1s\" to=\"9\" repeatCount=\"indefinite\" begin=\"0.1\"><\/animate> \n            <\/circle>\n            <circle fill=\"#AECC53\" stroke=\"none\" cx=\"60\" cy=\"50\" r=\"6\">\n                <animate attributeName=\"opacity\" dur=\"1s\" values=\"0;1;0\" repeatCount=\"indefinite\" begin=\"0.2\"><\/animate>\n                <animate attributeName=\"r\" dur=\"1s\" to=\"9\" repeatCount=\"indefinite\" begin=\"0.2\"><\/animate> \n            \n            <\/circle>\n            <circle fill=\"#AECC53\" stroke=\"none\" cx=\"85\" cy=\"50\" r=\"6\">\n                <animate attributeName=\"opacity\" dur=\"1s\" values=\"0;1;0\" repeatCount=\"indefinite\" begin=\"0.3\"><\/animate> \n                <animate attributeName=\"r\" dur=\"1s\" to=\"9\" repeatCount=\"indefinite\" begin=\"0.3\"><\/animate> \n            <\/circle>\n        <\/svg>\n    <\/div>\n<\/div>\n\n        <div class=\"full-width-media theme-earth-green layout-one-third media-stacked\"\n            style=\"margin-top: 0px; margin-bottom: 0\">\n                <div\n            class=\"row no-gutters flex-sm-wrap \">\n            <div\n                class=\"col-lg-7 col-sm-12 col-md-12 media-text-content\">\n                <div class=\"media-text-content-wrapper\">\n                    <div class=\"media-text-title\">\n                                                                            <h4>Notre culture<\/h4>\n                                                                            <h2> Cr\u00e9er un bureau accueillant<\/h2>\n                                                                    <\/div>\n                    <div class=\"media-text-text\">\n                        <p><p>Nous nous engageons \u00e0 offrir le meilleur lieu de travail dans notre secteur en favorisant un environnement s\u00fbr et respectueux qui offre \u00e0 chaque employ\u00e9 la possibilit\u00e9 de mettre \u00e0 contribution ses talents, son parcours et son expertise pour r\u00e9soudre les probl\u00e8mes les plus complexes au monde.<\/p>\n<p>Lorsque vous prosp\u00e9rez, nous prosp\u00e9rons.<\/p>\n<\/p>\n                    <\/div>\n                                            <div class=\"media-text-link\">\n                            <a href=\"\/fr-ca\/careers\/welcoming-workplace\/\" target=\"_blank\"                                class=\"aecom-global-cta aecom-global-cta-sml aecom-global-cta-bold button-outline\">En savoir plus<\/a>\n\n                        <\/div>\n                                    <\/div>\n            <\/div>\n                            <div class=\"col-lg-5 col-md-12 col-sm-12 media-image-container\"\n                    style=\"background-color: #000;\">\n                    <div class=\"media-image\"\n                        style=\"background-image: url('https:\/\/aecom.com\/fr-ca\/wp-content\/uploads\/2026\/01\/AdobeStock_110925342.jpg');opacity: 100%;\">\n                    <\/div>\n                <\/div>\n                                <\/div>\n    <\/div>\n\n        <div class=\"full-width-media theme-earth-green-light layout-one-third media-stacked\"\n            style=\"margin-top: 0px; margin-bottom: 0\">\n                <div\n            class=\"row no-gutters flex-sm-wrap col-row-reverse\">\n            <div\n                class=\"col-lg-7 col-sm-12 col-md-12 media-text-content\">\n                <div class=\"media-text-content-wrapper\">\n                    <div class=\"media-text-title\">\n                                                                            <h4>Notre personnel<\/h4>\n                                                                            <h2>Repousser les limites du possible.<\/h2>\n                                                                    <\/div>\n                    <div class=\"media-text-text\">\n                        <p><p>Nous sommes un milieu qui favorise la curiosit\u00e9 intellectuelle\u202f\u2013\u202fpour ceux ayant un esprit d\u2019entreprise et une volont\u00e9 d\u2019accomplissement. Nous sommes d\u2019\u00e9ternels \u00e9tudiants, qui ne cessent d\u2019acqu\u00e9rir des connaissances et des comp\u00e9tences. <\/p>\n<p>Nous dirigeons en gardant la collaboration au c\u0153ur de nos activit\u00e9s, joignant les secteurs et les fuseaux horaires partout dans le monde. En privil\u00e9giant l\u2019excellence technique, la qualit\u00e9 et l\u2019innovation dans tous nos projets, nous offrons un monde meilleur.<\/p>\n<\/p>\n                    <\/div>\n                                            <div class=\"media-text-link\">\n                            <a href=\"\/fr-ca\/people-spotlights-ca\/\" target=\"_blank\"                                class=\"aecom-global-cta aecom-global-cta-sml aecom-global-cta-bold button-outline\">En savoir plus<\/a>\n\n                        <\/div>\n                                    <\/div>\n            <\/div>\n                            <div class=\"col-lg-5 col-md-12 col-sm-12 media-image-container\"\n                    style=\"background-color: #000;\">\n                    <div class=\"media-image\"\n                        style=\"background-image: url('https:\/\/aecom.com\/fr-ca\/wp-content\/uploads\/2026\/01\/AdobeStock_1519064553.jpg');opacity: 100%;\">\n                    <\/div>\n                <\/div>\n                                <\/div>\n    <\/div>\n\n\n<div class=\"aecom-custom-block link-column-block careers-links-block-container link-block-earth-green-light\" style=\"margin-top: 0px; margin-bottom: 40px\">\n    <div class=\"row no-gutters h-100\">\n        \n                <div class=\"col-sm-12 col-md-12 col-lg-6 careers-link-block\">\n                    <div class=\"link-block-title\">\n                        <h3>De l\u2019\u00e9nergie \u00e0 la vie<\/h3>\n                    <\/div>\n                    <div class=\"link-block-content\">\n                        <p>Nos solutions de travail flexibles soutiennent les priorit\u00e9s changeantes de la vie et du travail. Nous offrons \u00e9galement des programmes de formation professionnelle et la possibilit\u00e9 de r\u00e9aliser des projets partout dans le monde. Chez nous, les possibilit\u00e9s sont infinies.<\/p>\n                    <\/div>\n                    <div class=\"link-block-cta\">\n                        <a href=\"\/fr-ca\/careers\/\" target=\"_blank\" class=\"aecom-global-cta aecom-global-cta-sml aecom-global-cta-bold button-solid\">En savoir plus<\/a>\n                    <\/div>\n                <\/div>\n\n        \n                <div class=\"col-sm-12 col-md-12 col-lg-6 careers-link-block\">\n                    <div class=\"link-block-title\">\n                        <h3>Parcourez nos offres d\u2019emploi.<\/h3>\n                    <\/div>\n                    <div class=\"link-block-content\">\n                        <p>Explorez nos carri\u00e8res dans le domaine de l\u2019\u00e9nergie et apprenez-en plus sur le processus d\u2019embauche.\u00a0<\/p>\n                    <\/div>\n                    <div class=\"link-block-cta\">\n                        <a href=\"https:\/\/canada-fr.aecom.jobs\/secteur-daffaire\/energy\/jobs\/\" target=\"_blank\" class=\"aecom-global-cta aecom-global-cta-sml aecom-global-cta-bold button-solid\">Explorer<\/a>\n                    <\/div>\n                <\/div>\n\n            <\/div>\n<\/div>\n\n\n<div class=\"wp-block-columns careers-badges is-layout-flex wp-container-core-columns-is-layout-9d6595d7 wp-block-columns-is-layout-flex\">\n<div class=\"wp-block-column is-vertically-aligned-center careers-badges is-layout-flow wp-block-column-is-layout-flow\" style=\"flex-basis:100%\">\n<div class=\"wp-block-columns are-vertically-aligned-center is-layout-flex wp-container-core-columns-is-layout-9d6595d7 wp-block-columns-is-layout-flex\">\n<div class=\"wp-block-column is-layout-flow wp-block-column-is-layout-flow\" style=\"flex-basis:5%\"><\/div>\n\n\n\n<div class=\"wp-block-column is-vertically-aligned-center is-layout-flow wp-block-column-is-layout-flow\">\n<div class=\"wp-block-columns are-vertically-aligned-center is-layout-flex wp-container-core-columns-is-layout-9d6595d7 wp-block-columns-is-layout-flex\">\n<div class=\"wp-block-column is-vertically-aligned-center is-layout-flow wp-block-column-is-layout-flow\">\n<figure class=\"wp-block-image aligncenter size-large is-style-default\"><img decoding=\"async\" src=\"https:\/\/aecom.com\/en-ca\/wp-content\/uploads\/2024\/08\/EN-SCEAU-300-COMPANIES-2024-1024x1024.jpg\" alt=\"\" class=\"wp-image-4797\"\/><\/figure>\n<\/div>\n\n\n\n<div class=\"wp-block-column is-vertically-aligned-center is-layout-flow wp-block-column-is-layout-flow\">\n<figure class=\"wp-block-image aligncenter size-large is-resized is-style-default\"><img decoding=\"async\" src=\"https:\/\/aecom.com\/en-ca\/wp-content\/uploads\/2025\/01\/Fortune-WMAC-2025-1-598x1024.png\" alt=\"\" class=\"wp-image-6068\"\/><\/figure>\n<\/div>\n\n\n\n<div class=\"wp-block-column is-vertically-aligned-center is-layout-flow wp-block-column-is-layout-flow\">\n<figure class=\"wp-block-image aligncenter size-full is-style-default\"><img loading=\"lazy\" decoding=\"async\" width=\"712\" height=\"476\" src=\"https:\/\/aecom.com\/fr-ca\/wp-content\/uploads\/2026\/03\/2689290_2026CustomWMECLogos_10x_121125-1-e1774278903238.png\" alt=\"\" class=\"wp-image-8760\" srcset=\"https:\/\/aecom.com\/fr-ca\/wp-content\/uploads\/2026\/03\/2689290_2026CustomWMECLogos_10x_121125-1-e1774278903238.png 712w, https:\/\/aecom.com\/fr-ca\/wp-content\/uploads\/2026\/03\/2689290_2026CustomWMECLogos_10x_121125-1-e1774278903238-300x201.png 300w, https:\/\/aecom.com\/fr-ca\/wp-content\/uploads\/2026\/03\/2689290_2026CustomWMECLogos_10x_121125-1-e1774278903238-272x182.png 272w\" sizes=\"auto, (max-width: 712px) 100vw, 712px\" \/><\/figure>\n<\/div>\n\n\n\n<div class=\"wp-block-column is-vertically-aligned-center is-layout-flow wp-block-column-is-layout-flow\">\n<figure class=\"wp-block-image aligncenter size-large is-resized is-style-default\"><img decoding=\"async\" src=\"https:\/\/aecom.com\/en-ca\/wp-content\/uploads\/2026\/01\/Time-Best-Companies-2025-1-757x1024.png\" alt=\"\" class=\"wp-image-7432\"\/><\/figure>\n<\/div>\n<\/div>\n<\/div>\n\n\n\n<div class=\"wp-block-column is-vertically-aligned-center is-layout-flow wp-block-column-is-layout-flow\">\n<div class=\"wp-block-columns are-vertically-aligned-center is-layout-flex wp-container-core-columns-is-layout-9d6595d7 wp-block-columns-is-layout-flex\">\n<div class=\"wp-block-column is-vertically-aligned-center is-layout-flow wp-block-column-is-layout-flow\">\n<figure class=\"wp-block-image size-large is-style-default\"><img loading=\"lazy\" decoding=\"async\" width=\"1024\" height=\"682\" src=\"https:\/\/aecom.com\/fr-ca\/wp-content\/uploads\/2026\/02\/EQ100_2026_color-073125-1-1024x682.png\" alt=\"\" class=\"wp-image-8612\" srcset=\"https:\/\/aecom.com\/fr-ca\/wp-content\/uploads\/2026\/02\/EQ100_2026_color-073125-1-1024x682.png 1024w, https:\/\/aecom.com\/fr-ca\/wp-content\/uploads\/2026\/02\/EQ100_2026_color-073125-1-300x200.png 300w\" sizes=\"auto, (max-width: 1024px) 100vw, 1024px\" \/><\/figure>\n<\/div>\n\n\n\n<div class=\"wp-block-column is-vertically-aligned-center is-layout-flow wp-block-column-is-layout-flow\" style=\"flex-basis:18%\">\n<figure class=\"wp-block-image aligncenter size-full is-style-default\"><img decoding=\"async\" src=\"https:\/\/aecom.com\/en-ca\/wp-content\/uploads\/2026\/01\/2026_TOP100_Platinum_EN.png\" alt=\"\" class=\"wp-image-7422\"\/><\/figure>\n<\/div>\n\n\n\n<div class=\"wp-block-column is-vertically-aligned-center is-layout-flow wp-block-column-is-layout-flow\" style=\"flex-basis:28%\">\n<figure class=\"wp-block-image size-full is-style-default\"><img loading=\"lazy\" decoding=\"async\" width=\"2560\" height=\"580\" src=\"https:\/\/aecom.com\/fr-ca\/wp-content\/uploads\/2025\/09\/APRA-FR-BRONZE-Logo-Colour-scaled.png\" alt=\"\" class=\"wp-image-7712\" srcset=\"https:\/\/aecom.com\/fr-ca\/wp-content\/uploads\/2025\/09\/APRA-FR-BRONZE-Logo-Colour-scaled.png 2560w, https:\/\/aecom.com\/fr-ca\/wp-content\/uploads\/2025\/09\/APRA-FR-BRONZE-Logo-Colour-300x68.png 300w, https:\/\/aecom.com\/fr-ca\/wp-content\/uploads\/2025\/09\/APRA-FR-BRONZE-Logo-Colour-1024x232.png 1024w\" sizes=\"auto, (max-width: 2560px) 100vw, 2560px\" \/><\/figure>\n<\/div>\n\n\n\n<div class=\"wp-block-column is-vertically-aligned-center is-layout-flow wp-block-column-is-layout-flow\">\n<figure class=\"wp-block-image size-full is-style-default\"><img loading=\"lazy\" decoding=\"async\" width=\"600\" height=\"450\" src=\"https:\/\/aecom.com\/fr-ca\/wp-content\/uploads\/2022\/11\/enr-web-2022.png\" alt=\"\" class=\"wp-image-1932\" srcset=\"https:\/\/aecom.com\/fr-ca\/wp-content\/uploads\/2022\/11\/enr-web-2022.png 600w, https:\/\/aecom.com\/fr-ca\/wp-content\/uploads\/2022\/11\/enr-web-2022-300x225.png 300w\" sizes=\"auto, (max-width: 600px) 100vw, 600px\" \/><\/figure>\n<\/div>\n<\/div>\n<\/div>\n\n\n\n<div class=\"wp-block-column is-layout-flow wp-block-column-is-layout-flow\" style=\"flex-basis:5%\"><\/div>\n<\/div>\n<\/div>\n<\/div>\n","protected":false},"excerpt":{"rendered":"","protected":false},"author":701,"featured_media":8377,"parent":8333,"menu_order":0,"comment_status":"closed","ping_status":"closed","template":"views\/page-careers.blade.php","meta":{"_acf_changed":false,"footnotes":""},"yst_prominent_words":[],"class_list":["post-8375","page","type-page","status-publish","has-post-thumbnail","hentry"],"acf":[],"_links":{"self":[{"href":"https:\/\/aecom.com\/fr-ca\/wp-json\/wp\/v2\/pages\/8375","targetHints":{"allow":["GET"]}}],"collection":[{"href":"https:\/\/aecom.com\/fr-ca\/wp-json\/wp\/v2\/pages"}],"about":[{"href":"https:\/\/aecom.com\/fr-ca\/wp-json\/wp\/v2\/types\/page"}],"author":[{"embeddable":true,"href":"https:\/\/aecom.com\/fr-ca\/wp-json\/wp\/v2\/users\/701"}],"replies":[{"embeddable":true,"href":"https:\/\/aecom.com\/fr-ca\/wp-json\/wp\/v2\/comments?post=8375"}],"version-history":[{"count":9,"href":"https:\/\/aecom.com\/fr-ca\/wp-json\/wp\/v2\/pages\/8375\/revisions"}],"predecessor-version":[{"id":8764,"href":"https:\/\/aecom.com\/fr-ca\/wp-json\/wp\/v2\/pages\/8375\/revisions\/8764"}],"up":[{"embeddable":true,"href":"https:\/\/aecom.com\/fr-ca\/wp-json\/wp\/v2\/pages\/8333"}],"wp:featuredmedia":[{"embeddable":true,"href":"https:\/\/aecom.com\/fr-ca\/wp-json\/wp\/v2\/media\/8377"}],"wp:attachment":[{"href":"https:\/\/aecom.com\/fr-ca\/wp-json\/wp\/v2\/media?parent=8375"}],"wp:term":[{"taxonomy":"yst_prominent_words","embeddable":true,"href":"https:\/\/aecom.com\/fr-ca\/wp-json\/wp\/v2\/yst_prominent_words?post=8375"}],"curies":[{"name":"wp","href":"https:\/\/api.w.org\/{rel}","templated":true}]}}