{"id":8454,"date":"2026-01-16T20:01:07","date_gmt":"2026-01-16T20:01:07","guid":{"rendered":"https:\/\/aecom.com\/fr-ca\/powering-your-ambitions-ca\/energy-storage\/"},"modified":"2026-01-16T21:07:09","modified_gmt":"2026-01-16T21:07:09","slug":"energy-storage","status":"publish","type":"page","link":"https:\/\/aecom.com\/fr-ca\/powering-your-ambitions-ca\/energy-storage\/","title":{"rendered":"Stockage d\u2019\u00e9nergie\u00a0"},"content":{"rendered":"\n    <div class=\"aecom-custom-block careers-header\" style=\"background-color: #00353e; margin-top: 0px; margin-bottom: 0px;\">\n    <div class=\"careers-header-content\">\n                    <div class=\"careers-header-bg\" style=\"background-image: url('https:\/\/aecom.com\/fr-ca\/wp-content\/uploads\/2025\/09\/AdobeStock_522243637.jpg');opacity: 50%;\"><\/div>\n                    <div class=\"row no-gutters header-container\">\n                <div class=\"col careers-title\">\n                    <div class=\"header-title\">\n                        <p class=\"careers-sub-title\">Un meilleur stockage pour des r\u00e9seaux plus robustes <\/p>\n                        <h1>Stockage d\u2019\u00e9nergie <\/h1>\n                    <\/div>\n                                        <div class=\"cta-container\">\n\n                        <!-- add condition here -->\n                        \n                        <!-- add condition here -->\n                        \n\n                    <\/div>\n                    \n                <\/div>\n            <\/div>\n        <\/div>\n    <\/div>\n\n\n<div class=\"wp-block-columns Energy_Green_header is-layout-flex wp-container-core-columns-is-layout-9d6595d7 wp-block-columns-is-layout-flex\">\n<div class=\"wp-block-column extra_space is-layout-flow wp-block-column-is-layout-flow\">\n<div class=\"aecom-custom-block block-intro-text\" style=\"margin-top: 0px; margin-bottom: 0\">\n    <p class=\"editor-emphasized\">\n        \u00c0 mesure que les \u00e9nergies propres prennent de l\u2019expansion et que l\u2019\u00e9lectrification s\u2019acc\u00e9l\u00e8re, le stockage joue un r\u00f4le de plus en plus important dans l\u2019\u00e9quilibre entre l\u2019offre et la demande. La sp\u00e9cialit\u00e9 de notre \u00e9quipe\u202f: rendre possibles des r\u00e9seaux d\u2019\u00e9nergie propre souples et r\u00e9silients d\u2019un bout \u00e0 l\u2019autre.\u00a0    <\/p>\n<\/div>\n\n\n<div class=\"wp-block-columns energy_header_container is-layout-flex wp-container-core-columns-is-layout-9d6595d7 wp-block-columns-is-layout-flex\">\n<div class=\"wp-block-column is-layout-flow wp-block-column-is-layout-flow\">\n<p>Nos services de stockage d\u2019\u00e9nergie de bout en bout vont des \u00e9tudes de faisabilit\u00e9 \u00e0 l\u2019\u00e9valuation des technologies, l\u2019ing\u00e9nierie, l\u2019approvisionnement et la construction. Partout dans le monde, nous aidons les services publics, les entrepreneurs et les organismes publics \u00e0 garantir la distribution d\u2019\u00e9nergie de fa\u00e7on responsable, s\u00fbre et durable.\u00a0<\/p>\n\n\n\n<p>Nos \u00e9quipes multidisciplinaires prennent en charge une vaste gamme de technologies de stockage, dont les\u00a0<a href=\"#bess\">syst\u00e8mes de stockage d\u2019\u00e9nergie par batterie (SSEB)<\/a>, les solutions de<a href=\"#cc\">\u00a0captage du carbone<\/a>, les infrastructures de<strong>\u00a0<\/strong><a href=\"#ev\">recharge des v\u00e9hicules \u00e9lectriques (VE)<\/a>, le\u00a0<a href=\"#hydrogenstorage\">stockage de l\u2019hydrog\u00e8ne<\/a>, le stockage des<strong>\u00a0<\/strong><a href=\"#nuclearwaste\">d\u00e9chets nucl\u00e9aires<\/a>\u00a0et le d\u00e9classement des centrales nucl\u00e9aires, ainsi que le\u00a0<a href=\"#pumpedhydro\">stockage d\u2019\u00e9nergie par pompage<\/a>. Nous aidons les clients \u00e0 s\u2019y retrouver dans la r\u00e9glementation changeante, l\u2019int\u00e9gration ardue aux infrastructures et la planification et la conception de r\u00e9seaux dans toute leur complexit\u00e9 pour d\u00e9ployer des solutions \u00e9conomiques \u00e0 faibles \u00e9missions de carbone r\u00e9pondant aux besoins \u00e9nerg\u00e9tiques futurs de fa\u00e7on plus fiable.\u00a0\u00a0<\/p>\n<\/div>\n<\/div>\n<\/div>\n<\/div>\n\n\n\n<div class=\"wp-block-columns Energy_Green_header is-layout-flex wp-container-core-columns-is-layout-9d6595d7 wp-block-columns-is-layout-flex\">\n<div class=\"wp-block-column extra_space_margin is-layout-flow wp-block-column-is-layout-flow\">\n<div class=\"wp-block-columns is-layout-flex wp-container-core-columns-is-layout-9d6595d7 wp-block-columns-is-layout-flex\">\n<div class=\"wp-block-column is-layout-flow wp-block-column-is-layout-flow\" id=\"bess\">\n<div class=\"wp-block-columns solutionContainer is-layout-flex wp-container-core-columns-is-layout-9d6595d7 wp-block-columns-is-layout-flex\">\n<div class=\"wp-block-column energyBGimage BESS is-layout-flow wp-block-column-is-layout-flow\" style=\"flex-basis:33.33%\"><\/div>\n\n\n\n<div class=\"wp-block-column is-layout-flow wp-block-column-is-layout-flow\" style=\"flex-basis:66.66%\">\n<h3 class=\"wp-block-heading\"><strong>Battery energy storage system<\/strong><\/h3>\n\n\n\n<p>Advancing feasibility studies, design and construction services that enhance grid flexibility and reliability, we steward end-to-end battery energy storage system (BESS) solutions to meet our clients\u2019 evolving energy storage needs.<br><br><a href=\"\/fr-ca\/markets\/energy\/battery-energy-storage-systems\/\">En savoir plus<\/a><\/p>\n<\/div>\n<\/div>\n<\/div>\n\n\n\n<div class=\"wp-block-column is-layout-flow wp-block-column-is-layout-flow\">\n<div class=\"wp-block-columns solutionContainer is-layout-flex wp-container-core-columns-is-layout-9d6595d7 wp-block-columns-is-layout-flex\" id=\"cc\">\n<div class=\"wp-block-column energyBGimage carbon is-layout-flow wp-block-column-is-layout-flow\" style=\"flex-basis:33.33%\"><\/div>\n\n\n\n<div class=\"wp-block-column is-layout-flow wp-block-column-is-layout-flow\" style=\"flex-basis:66.66%\">\n<h3 class=\"wp-block-heading\"><strong>Carbon capture<\/strong><\/h3>\n\n\n\n<p>We provide engineering and implementation services that support scalable, low-carbon energy systems and our comprehensive carbon capture solutions help clients reduce emissions and meet sustainability goals.<br><br><a href=\"\/fr-ca\/markets\/energy\/carbon-capture-utilization-and-storage\/\">En savoir plus<\/a><\/p>\n<\/div>\n<\/div>\n<\/div>\n<\/div>\n\n\n\n<div class=\"wp-block-columns is-layout-flex wp-container-core-columns-is-layout-9d6595d7 wp-block-columns-is-layout-flex\">\n<div class=\"wp-block-column is-layout-flow wp-block-column-is-layout-flow\">\n<div class=\"wp-block-columns solutionContainer is-layout-flex wp-container-core-columns-is-layout-9d6595d7 wp-block-columns-is-layout-flex\" id=\"ev\">\n<div class=\"wp-block-column energyBGimage ev is-layout-flow wp-block-column-is-layout-flow\" style=\"flex-basis:33.33%\"><\/div>\n\n\n\n<div class=\"wp-block-column is-layout-flow wp-block-column-is-layout-flow\" style=\"flex-basis:66.66%\">\n<h3 class=\"wp-block-heading\"><strong>EV charging<\/strong><\/h3>\n\n\n\n<p>By designing and deploying EV charging infrastructure, we support clean transportation and grid integration to enable scalable, user-friendly systems for public and private clients.<br><br><a href=\"\/fr-ca\/markets\/energy\/ev-charging\/\">En savoir plus<\/a><\/p>\n<\/div>\n<\/div>\n<\/div>\n\n\n\n<div class=\"wp-block-column is-layout-flow wp-block-column-is-layout-flow\">\n<div class=\"wp-block-columns solutionContainer is-layout-flex wp-container-core-columns-is-layout-9d6595d7 wp-block-columns-is-layout-flex\" id=\"hydrogenstorage\">\n<div class=\"wp-block-column energyBGimage hydrostore is-layout-flow wp-block-column-is-layout-flow\" style=\"flex-basis:33.33%\"><\/div>\n\n\n\n<div class=\"wp-block-column is-layout-flow wp-block-column-is-layout-flow\" style=\"flex-basis:66.66%\">\n<h3 class=\"wp-block-heading\"><strong>Hydrogen storage<\/strong><\/h3>\n\n\n\n<p>To meet future energy demands, we provide hydrogen storage solutions that support safe, efficient and scalable energy systems with services that span design, engineering and integration.<br><br><a href=\"\/fr-ca\/markets\/hydrogen-storage\/\">En savoir plus<\/a><\/p>\n<\/div>\n<\/div>\n<\/div>\n<\/div>\n\n\n\n<div class=\"wp-block-columns is-layout-flex wp-container-core-columns-is-layout-9d6595d7 wp-block-columns-is-layout-flex\">\n<div class=\"wp-block-column is-layout-flow wp-block-column-is-layout-flow\">\n<div class=\"wp-block-columns solutionContainer is-layout-flex wp-container-core-columns-is-layout-9d6595d7 wp-block-columns-is-layout-flex\" id=\"nuclearwaste\">\n<div class=\"wp-block-column energyBGimage nuclear is-layout-flow wp-block-column-is-layout-flow\" style=\"flex-basis:33.33%\"><\/div>\n\n\n\n<div class=\"wp-block-column is-layout-flow wp-block-column-is-layout-flow\" style=\"flex-basis:66.66%\">\n<h3 class=\"wp-block-heading\"><strong>Nuclear decommissioning<\/strong><\/h3>\n\n\n\n<p>Managing nuclear waste and decommissioning projects with a focus on safety, compliance and sustainability, our teams deliver lifecycle solutions that support long-term environmental stewardship.<br><br><a href=\"\/fr-ca\/energy\/nuclear-energy\/nuclear-decommissioning\/\">En savoir plus<\/a><\/p>\n<\/div>\n<\/div>\n<\/div>\n\n\n\n<div class=\"wp-block-column is-layout-flow wp-block-column-is-layout-flow\" id=\"pumpedhydro\">\n<div class=\"wp-block-columns solutionContainer is-layout-flex wp-container-core-columns-is-layout-9d6595d7 wp-block-columns-is-layout-flex\">\n<div class=\"wp-block-column energyBGimage pumphydro is-layout-flow wp-block-column-is-layout-flow\" style=\"flex-basis:33.33%\"><\/div>\n\n\n\n<div class=\"wp-block-column is-layout-flow wp-block-column-is-layout-flow\" style=\"flex-basis:66.66%\">\n<h3 class=\"wp-block-heading\">P<strong>umped-storage hydro<\/strong><\/h3>\n\n\n\n<p>From siting and permitting to design and construction, we deliver pumped-storage hydro projects with full lifecycle services with comprehensive global experience to deliver efficient, reliable solutions tailored to regional needs.<br><br><a href=\"\/fr-ca\/markets\/energy\/hydroelectricity\/pumped-storage-hydroelectricity\/\">En savoir plus<\/a><\/p>\n<\/div>\n<\/div>\n<\/div>\n<\/div>\n\n\n\n<div style=\"height:72px\" aria-hidden=\"true\" class=\"wp-block-spacer\"><\/div>\n<\/div>\n<\/div>\n\n\n\n<div class=\"article-column-block-container article-block-horizontal article-with-image article-medium-image\" style=\"margin-top: 0px; margin-bottom: 0\">\n    \n\n    <div class=\"row no-gutters\">\n                            <div class=\"col-lg-4 col-md-12 col-sm-12 article-column-block\">\n                                                    <div class=\"article-image\" style=\"background-image: url(https:\/\/aecom.com\/fr-ca\/wp-content\/uploads\/2026\/01\/AdobeStock_825228146_1280x500px-1.png);\"><\/div>\n                                                <div class=\"article-content-wrapper\">\n                            <div class=\"article-column-title\">\n                                <h5>R\u00e9flexion<\/h5>\n                                <h3>Dix faits que tous les entrepreneurs devraient conna\u00eetre sur les syst\u00e8mes de stockage d\u2019\u00e9nergie par batterie <\/h3>\n                            <\/div>\n                            <div class=\"article-column-content\">\n                                <p>Les entrepreneurs doivent surmonter des obstacles techniques, r\u00e9glementaires, environnementaux, financiers et communautaires pour r\u00e9ussir \u00e0 r\u00e9aliser leurs projets de SSEB. (Contenu mondial, en anglais seulement)<\/p>\n                            <\/div>\n                            <div class=\"article-column-cta\">\n                                <a href=\"https:\/\/aecom.com\/without-limits\/article\/ten-things-every-developer-needs-to-know-about-bess\/\" target=\"_blank\" aria-label=\"read more\" class=\"aecom-global-cta  aecom-global-cta-xs aecom-global-cta-green-transparent\">Lire la suite<\/a>\n                            <\/div>\n                        <\/div>\n                    <\/div>\n                                            <div class=\"col-lg-4 col-md-12 col-sm-12 article-column-block\">\n                                                    <div class=\"article-image\" style=\"background-image: url(https:\/\/aecom.com\/fr-ca\/wp-content\/uploads\/2026\/01\/PXL_20230517_003741657.PANO-2.jpg);\"><\/div>\n                                                <div class=\"article-content-wrapper\">\n                            <div class=\"article-column-title\">\n                                <h5>Projet<\/h5>\n                                <h3>Projet de stockage d\u2019\u00e9nergie par pompage d\u2019Oven Mountain, en Australie <\/h3>\n                            <\/div>\n                            <div class=\"article-column-content\">\n                                <p>En Australie, cette batterie \u00e0 l\u2019eau de 900\u202fm\u00e9gawatts alimente 600\u202f000\u202ffoyers, une \u00e9nergie propre sans r\u00e9percussions sur la rivi\u00e8re. (Contenu mondial, en anglais seulement)<\/p>\n                            <\/div>\n                            <div class=\"article-column-cta\">\n                                <a href=\"https:\/\/aecom.com\/projects\/oven-mountain-pumped-hydro-energy-storage-project-supporting-the-transition-to-renewable-energy-sources\/\" target=\"_blank\" aria-label=\"read more\" class=\"aecom-global-cta  aecom-global-cta-xs aecom-global-cta-green-transparent\">Lire la suite<\/a>\n                            <\/div>\n                        <\/div>\n                    <\/div>\n                                            <div class=\"col-lg-4 col-md-12 col-sm-12 article-column-block\">\n                                                    <div class=\"article-image\" style=\"background-image: url(https:\/\/aecom.com\/fr-ca\/wp-content\/uploads\/2026\/01\/Resized_AdobeStock_1078803454-scaled-1-scaled-1-1.jpg);\"><\/div>\n                                                <div class=\"article-content-wrapper\">\n                            <div class=\"article-column-title\">\n                                <h5>R\u00e9flexion<\/h5>\n                                <h3>Alimenter le stockage \u00e0 l\u2019\u00e9chelle du r\u00e9seau  <\/h3>\n                            <\/div>\n                            <div class=\"article-column-content\">\n                                <p>Le stockage par batterie lib\u00e8re le plein potentiel de l\u2019\u00e9nergie solaire, r\u00e9duisant la pollution, renfor\u00e7ant la r\u00e9silience et transformant la fiabilit\u00e9 du r\u00e9seau. (Contenu mondial, en anglais seulement)<\/p>\n                            <\/div>\n                            <div class=\"article-column-cta\">\n                                <a href=\"https:\/\/aecom.com\/without-limits\/article\/powering-up-grid-scale-storage\/\" target=\"_blank\" aria-label=\"read more\" class=\"aecom-global-cta  aecom-global-cta-xs aecom-global-cta-green-transparent\">Lire la suite<\/a>\n                            <\/div>\n                        <\/div>\n                    <\/div>\n                            <\/div>\n\n\n\n<\/div>\n\n\n<div class=\"wp-block-columns footer-cta is-layout-flex wp-container-core-columns-is-layout-9d6595d7 wp-block-columns-is-layout-flex\">\n<div class=\"wp-block-column footer-cta-left is-layout-flow wp-block-column-is-layout-flow\">\n<h3 class=\"wp-block-heading\">Production d\u2019\u00e9nergie<\/h3>\n\n\n\n    <a href=\"\/fr-ca\/powering-your-ambitions-ca\/power-generation\/\" class=\"aecom-default-cta aecom-global-cta-l-green-transparent aecom-global-cta-sml aecom-global-cta-normal aecom-global-cta aecom-global-cta-bold\"   >En savoir plus <svg data-name=\"Layer 1\" xmlns=\"http:\/\/www.w3.org\/2000\/svg\" viewBox=\"0 0 31.4 29.8\"><g data-name=\"Group 31\"><g data-name=\"Group 30\"><g data-name=\"Group 29\"><path data-name=\"Path 49\" d=\"M31.4 14.1h-3.1a12.6 12.6 0 0 1-25.2 0H0a15.7 15.7 0 1 0 31.4 0m-15.7 7 7.4-7.4-2.2-2.2-3.6 3.6V0h-3.1v15l-3.6-3.6-2.2 2.2 7.4 7.4Z\" fill=\"currentColor\"\/><\/g><\/g><\/g><\/svg><\/a>\n<\/div>\n\n\n\n<div class=\"wp-block-column footer-cta-right is-layout-flow wp-block-column-is-layout-flow\">\n<h3 class=\"wp-block-heading\">Distribution d\u2019\u00e9nergie<\/h3>\n\n\n\n    <a href=\"\/fr-ca\/powering-your-ambitions-ca\/power-delivery\" class=\"aecom-default-cta aecom-global-cta-l-green-transparent aecom-global-cta-sml aecom-global-cta-normal aecom-global-cta aecom-global-cta-bold\"   >En savoir plus <svg data-name=\"Layer 1\" xmlns=\"http:\/\/www.w3.org\/2000\/svg\" viewBox=\"0 0 31.4 29.8\"><g data-name=\"Group 31\"><g data-name=\"Group 30\"><g data-name=\"Group 29\"><path data-name=\"Path 49\" d=\"M31.4 14.1h-3.1a12.6 12.6 0 0 1-25.2 0H0a15.7 15.7 0 1 0 31.4 0m-15.7 7 7.4-7.4-2.2-2.2-3.6 3.6V0h-3.1v15l-3.6-3.6-2.2 2.2 7.4 7.4Z\" fill=\"currentColor\"\/><\/g><\/g><\/g><\/svg><\/a>\n<\/div>\n<\/div>\n\n\n\n<div class=\"wp-block-columns Energy_Green_header is-layout-flex wp-container-core-columns-is-layout-9d6595d7 wp-block-columns-is-layout-flex\">\n<div class=\"wp-block-column is-layout-flow wp-block-column-is-layout-flow\">\n<div class=\"wp-block-columns Energy_Green_header extra_space_margin is-layout-flex wp-container-core-columns-is-layout-9d6595d7 wp-block-columns-is-layout-flex\">\n<div class=\"wp-block-column is-layout-flow wp-block-column-is-layout-flow\">\n<div class=\"wp-block-columns energy_header_container is-layout-flex wp-container-core-columns-is-layout-9d6595d7 wp-block-columns-is-layout-flex\">\n<div class=\"wp-block-column white_text is-layout-flow wp-block-column-is-layout-flow\" style=\"flex-basis:100%\">\n<h2 class=\"wp-block-heading has-x-large-font-size\"><strong><strong>Nos sp\u00e9cialistes de stockage d\u2019\u00e9nergie<\/strong>\u00a0<\/strong><\/h2>\n\n\n\n<p class=\"has-medium-font-size\">Notre \u00e9quipe de sp\u00e9cialistes du secteur mondial de l\u2019\u00e9nergie comprend des conseillers strat\u00e9giques, des&nbsp;ing\u00e9nieurs \u00e0 l\u2019innovation et des concepteurs&nbsp;cr\u00e9atifs. Ensemble, nous nous effor\u00e7ons de r\u00e9aliser des solutions \u00e9conomiques, durables et importantes pour nos clients.<\/p>\n\n\n\n<p><strong>Contactez notre \u00e9quipe qui vous aidera \u00e0 trouver le sp\u00e9cialiste qui correspond \u00e0 vos besoins.<\/strong><\/p>\n<\/div>\n<\/div>\n<\/div>\n<\/div>\n\n\n\n<div class=\"wp-block-columns Energy_Green_header extra_space_margin is-layout-flex wp-container-core-columns-is-layout-9d6595d7 wp-block-columns-is-layout-flex\">\n<div class=\"wp-block-column is-layout-flow wp-block-column-is-layout-flow\">\n<div class=\"aecom-custom-block people-block people-block-horizontal\" style=\"margin-top: 0px; margin-bottom: 40px\">\n    <div class=\"profil-image-wrapper\">\n        <div class=\"people-image\" style=\"background-image: url(https:\/\/aecom.com\/fr-ca\/wp-content\/uploads\/2026\/01\/mj-croonen-2.jpg);\"><\/div>\n    <\/div>\n    <div class=\"people-info\">\n        <h3 class=\"people-name\">Marie-Jose Croonen<\/h3>\n        <p class=\"people-job-title\">Vice-pr\u00e9sidente, responsable d\u2019expertise de la transition \u00e9nerg\u00e9tique au Canada<\/p>\n                        <div class=\"people-socials\">\n                                        <a href=\"https:\/\/www.linkedin.com\/in\/marie-jose-mj-croonen-3941493\/?originalSubdomain=ca\" target=\"_blank\" class=\"social social-linkedin\"><i class=\"fab fa-linkedin-in\"><\/i><\/a>\n                                                                <a href=\"mailto:Marie-Jose.Croonen@aecom.com\" target=\"_blank\" class=\"social social-mail\"><i class=\"fas fa-envelope\"><\/i><\/a>\n                                <\/div>\n    <\/div>\n<\/div><\/div>\n\n\n\n<div class=\"wp-block-column is-layout-flow wp-block-column-is-layout-flow\">\n<div class=\"aecom-custom-block people-block people-block-horizontal\" style=\"margin-top: 0px; margin-bottom: 40px\">\n    <div class=\"profil-image-wrapper\">\n        <div class=\"people-image\" style=\"background-image: url(https:\/\/aecom.com\/fr-ca\/wp-content\/uploads\/2025\/08\/Obertino_Jennifer-1.jpg);\"><\/div>\n    <\/div>\n    <div class=\"people-info\">\n        <h3 class=\"people-name\">Jennifer Obertino, ing.<\/h3>\n        <p class=\"people-job-title\">Vice-pr\u00e9sidente principale, responsable d\u2019expertise du secteur mondial \u00e9nergie<\/p>\n                        <div class=\"people-socials\">\n                                        <a href=\"https:\/\/www.linkedin.com\/in\/jennifer-obertino-p-e-903b3028 \" target=\"_blank\" class=\"social social-linkedin\"><i class=\"fab fa-linkedin-in\"><\/i><\/a>\n                                                                <a href=\"mailto:jennifer.obertino@aecom.com\" target=\"_blank\" class=\"social social-mail\"><i class=\"fas fa-envelope\"><\/i><\/a>\n                                <\/div>\n    <\/div>\n<\/div><\/div>\n<\/div>\n<\/div>\n<\/div>\n\n\n\n<div class=\"aecom-custom-block link-column-block careers-links-block-container link-block-earth-green-light\" style=\"margin-top: 0px; margin-bottom: 0px\">\n    <div class=\"row no-gutters h-100\">\n        \n                <div class=\"col-sm-12 col-md-12 col-lg-4 careers-link-block\">\n                    <div class=\"link-block-title\">\n                        <h3>Engagement envers la s\u00e9curit\u00e9 <\/h3>\n                    <\/div>\n                    <div class=\"link-block-content\">\n                        <p>Nous mettons la s\u00e9curit\u00e9 de l\u2019avant par une gestion des risques rigoureuse et un environnement proactif qui contribue au mieux-\u00eatre de nos employ\u00e9s et de leurs familles. Gr\u00e2ce \u00e0 nos programmes, politiques et proc\u00e9dures, nos employ\u00e9s peuvent d\u00e9tecter et att\u00e9nuer les risques, de sorte que la r\u00e9duction des m\u00e9faits et la pr\u00e9vention des maladies font partie int\u00e9grante de nos activit\u00e9s. Nous nous effor\u00e7ons de maintenir des normes de s\u00e9curit\u00e9 in\u00e9gal\u00e9es et de r\u00e9aliser des projets avec excellence et int\u00e9grit\u00e9. <\/p>\n                    <\/div>\n                    <div class=\"link-block-cta\">\n                        <a href=\"https:\/\/aecom.com\/fr-ca\/about-us\/safety\/\" target=\"_blank\" class=\"aecom-global-cta aecom-global-cta-sml aecom-global-cta-bold button-solid\">Explorer<\/a>\n                    <\/div>\n                <\/div>\n\n        \n                <div class=\"col-sm-12 col-md-12 col-lg-4 careers-link-block\">\n                    <div class=\"link-block-title\">\n                        <h3>Joignez-vous au r\u00e9seau de talents<\/h3>\n                    <\/div>\n                    <div class=\"link-block-content\">\n                        <p>Ici, vos comp\u00e9tences, votre passion et vos id\u00e9es comptent. Joignez-vous \u00e0 nous, dynamisez votre carri\u00e8re et, ensemble, cr\u00e9ons un avenir plus durable.<\/p>\n                    <\/div>\n                    <div class=\"link-block-cta\">\n                        <a href=\"https:\/\/aecom.com\/fr-ca\/powering-your-ambitions-ca\/power-up-your-career\/\" target=\"_blank\" class=\"aecom-global-cta aecom-global-cta-sml aecom-global-cta-bold button-solid\">Explorer<\/a>\n                    <\/div>\n                <\/div>\n\n        \n                <div class=\"col-sm-12 col-md-12 col-lg-4 careers-link-block\">\n                    <div class=\"link-block-title\">\n                        <h3>Nos projets<\/h3>\n                    <\/div>\n                    <div class=\"link-block-content\">\n                        <p>Notre expertise couvre toutes les \u00e9tapes du cycle de vie des projets, du conseil et de la conception \u00e0 la mise en \u0153uvre, l&#8217;exploitation et l&#8217;entretien.<\/p>\n                    <\/div>\n                    <div class=\"link-block-cta\">\n                        <a href=\"\/fr-ca\/projects\/\" target=\"_blank\" class=\"aecom-global-cta aecom-global-cta-sml aecom-global-cta-bold button-solid\">Explorer<\/a>\n                    <\/div>\n                <\/div>\n\n            <\/div>\n<\/div>","protected":false},"excerpt":{"rendered":"<p>Nos services de stockage d\u2019\u00e9nergie de bout en bout vont des \u00e9tudes de faisabilit\u00e9 \u00e0 l\u2019\u00e9valuation des technologies, l\u2019ing\u00e9nierie, l\u2019approvisionnement et la construction. Partout dans le monde, nous aidons les services publics, les entrepreneurs et les organismes publics \u00e0 garantir la distribution d\u2019\u00e9nergie de fa\u00e7on responsable, s\u00fbre et durable.\u00a0 Nos \u00e9quipes multidisciplinaires prennent en charge&#8230;<\/p>\n","protected":false},"author":701,"featured_media":8456,"parent":8333,"menu_order":0,"comment_status":"closed","ping_status":"closed","template":"views\/page-careers.blade.php","meta":{"_acf_changed":false,"footnotes":""},"yst_prominent_words":[],"class_list":["post-8454","page","type-page","status-publish","has-post-thumbnail","hentry"],"acf":[],"_links":{"self":[{"href":"https:\/\/aecom.com\/fr-ca\/wp-json\/wp\/v2\/pages\/8454","targetHints":{"allow":["GET"]}}],"collection":[{"href":"https:\/\/aecom.com\/fr-ca\/wp-json\/wp\/v2\/pages"}],"about":[{"href":"https:\/\/aecom.com\/fr-ca\/wp-json\/wp\/v2\/types\/page"}],"author":[{"embeddable":true,"href":"https:\/\/aecom.com\/fr-ca\/wp-json\/wp\/v2\/users\/701"}],"replies":[{"embeddable":true,"href":"https:\/\/aecom.com\/fr-ca\/wp-json\/wp\/v2\/comments?post=8454"}],"version-history":[{"count":8,"href":"https:\/\/aecom.com\/fr-ca\/wp-json\/wp\/v2\/pages\/8454\/revisions"}],"predecessor-version":[{"id":8485,"href":"https:\/\/aecom.com\/fr-ca\/wp-json\/wp\/v2\/pages\/8454\/revisions\/8485"}],"up":[{"embeddable":true,"href":"https:\/\/aecom.com\/fr-ca\/wp-json\/wp\/v2\/pages\/8333"}],"wp:featuredmedia":[{"embeddable":true,"href":"https:\/\/aecom.com\/fr-ca\/wp-json\/wp\/v2\/media\/8456"}],"wp:attachment":[{"href":"https:\/\/aecom.com\/fr-ca\/wp-json\/wp\/v2\/media?parent=8454"}],"wp:term":[{"taxonomy":"yst_prominent_words","embeddable":true,"href":"https:\/\/aecom.com\/fr-ca\/wp-json\/wp\/v2\/yst_prominent_words?post=8454"}],"curies":[{"name":"wp","href":"https:\/\/api.w.org\/{rel}","templated":true}]}}