{"id":8519,"date":"2026-02-11T14:20:31","date_gmt":"2026-02-11T14:20:31","guid":{"rendered":"https:\/\/aecom.com\/fr-ca\/people-spotlight-meet-anastasia-squirrel\/"},"modified":"2026-02-12T15:31:17","modified_gmt":"2026-02-12T15:31:17","slug":"people-spotlight-meet-anastasia-squirrel","status":"publish","type":"page","link":"https:\/\/aecom.com\/fr-ca\/people-spotlight-meet-anastasia-squirrel\/","title":{"rendered":"Pleins feux sur les employ\u00e9s\u202f:\u00a0Voici Anastasia\u202fSquirrel\u00a0"},"content":{"rendered":"\n    <div class=\"aecom-custom-block careers-header\" style=\"background-color: #000000; margin-top: 0px; margin-bottom: 48px;\">\n    <div class=\"careers-header-content\">\n                    <div class=\"careers-header-bg\" style=\"background-image: url('https:\/\/aecom.com\/fr-ca\/wp-content\/uploads\/2026\/02\/Gardiner-Dam-Spillway-Rehab.jpg');opacity: 60%;\"><\/div>\n                    <div class=\"row no-gutters header-container\">\n                <div class=\"col careers-title\">\n                    <div class=\"header-title\">\n                        <p class=\"careers-sub-title\"><\/p>\n                        <h1>Pleins feux sur les employ\u00e9s\u202f: Voici Anastasia\u202fSquirrel <\/h1>\n                    <\/div>\n                                            <div class=\"header-content\">\n                            <section class=\"spotlight-header-info\">\n<article class=\"spotlight-header-item-1\"><img loading=\"lazy\" decoding=\"async\" class=\"alignnone wp-image-177235 size-full\" src=\"https:\/\/aecom.com\/content\/wp-content\/uploads\/2026\/02\/Anastasia-Squirrel-People-Spotlight-150x150-DA.png\" alt=\"\" width=\"150\" height=\"150\" \/><\/article>\n<article class=\"spotlight-header-item-2\">\n<h2 style=\"color: #00ff93;\"><strong>Anastasia Squirrel<\/strong><\/h2>\n<h3><em>Anastasia est une technologue en g\u00e9nie civil qui travaille dans le domaine de la consultation des Autochtones au Canada.<\/em><\/h3>\n<\/article>\n<\/section>\n                        <\/div>\n                                        <div class=\"cta-container\">\n\n                        <!-- add condition here -->\n                        \n                        <!-- add condition here -->\n                        \n\n                    <\/div>\n                    \n                <\/div>\n            <\/div>\n        <\/div>\n    <\/div>\n\n\n<div class=\"wp-block-columns aecom-centered-column is-layout-flex wp-container-core-columns-is-layout-9d6595d7 wp-block-columns-is-layout-flex\">\n<div class=\"wp-block-column is-layout-flow wp-block-column-is-layout-flow\" style=\"flex-basis:75%\">\n<div class=\"aecom-custom-block block-intro-text\" style=\"margin-top: 0px; margin-bottom: 48px\">\n    <p class=\"editor-emphasized\">\n        Notre <a href=\"https:\/\/aecom.com\/fr-ca\/people-spotlights-ca\/\" target=\"_blank\">s\u00e9rie Pleins feux sur les employ\u00e9s<\/a> vous donne un aper\u00e7u de nos experts techniques \u00e0 travers le pays. Cette semaine, nous vous pr\u00e9sentons une technologue en g\u00e9nie civil qui travaille dans le domaine de la consultation des Autochtones au Canada. Nous vous donnons un aper\u00e7u de son parcours professionnel et de l\u2019impact de son travail.    <\/p>\n<\/div>\n\n\n<p>Anastasia\u202fSquirrel a obtenu un dipl\u00f4me en technologies de g\u00e9nie civil \u00e0 la Polytechnique de la Saskatchewan et travaille en tant que sp\u00e9cialiste en CDAO en g\u00e9nie civil avec une solide ma\u00eetrise du logiciel Civil\u202f3D et des logiciels de conception compl\u00e9mentaires. L\u2019exp\u00e9rience d\u2019Anastasia comprend la conception de sites en g\u00e9nie civil pour des projets industriels, des aires de stationnement, des cours de services et des b\u00e2timents communautaires, ainsi que des projets d\u2019infrastructures li\u00e9s aux usines de traitement de l\u2019eau, aux stations de pompage, \u00e0 la conception routi\u00e8re et \u00e0 d\u2019autres projets relevant du g\u00e9nie civil et du domaine de l\u2019eau. Ce travail a renforc\u00e9 ses comp\u00e9tences en nivellement, en coordination des r\u00e9seaux de services publics et en production de plans d\u2019am\u00e9nagement de site fonctionnels et conformes aux normes.&nbsp;<\/p>\n\n\n\n<hr class=\"wp-block-separator has-text-color has-alpha-channel-opacity has-background is-style-dots\" style=\"background-color:#00ab61;color:#00ab61\"\/>\n\n\n\n<h3 class=\"wp-block-heading\"><strong>Qu\u2019est-ce qui vous a inspir\u00e9e \u00e0 travailler dans ce domaine?<\/strong>\u00a0<\/h3>\n\n\n\n<p>J\u2019ai grandi dans la Premi\u00e8re Nation de Yellow\u202fQuill&nbsp;et nous avons \u00e9t\u00e9 soumis \u00e0 un avis d\u2019\u00e9bullition de l\u2019eau pendant neuf ans. Lorsqu\u2019une station de traitement de l\u2019eau a enfin \u00e9t\u00e9 install\u00e9e pr\u00e8s de chez moi, j\u2019ai \u00e9t\u00e9 fascin\u00e9e par sa conception et sa construction. Mon p\u00e8re \u00e9tait compagnon charpentier et j\u2019avais sous les yeux des dessins et des plans d\u00e8s mon plus jeune \u00e2ge, ce qui \u00e9veillait en moi une foule de questions, et chaque r\u00e9ponse ramenait toujours \u00e0 l\u2019ing\u00e9nierie. D\u00e9termin\u00e9e \u00e0 poursuivre cette voie, j\u2019ai surmont\u00e9 le manque de ressources dans la r\u00e9serve en \u00e9tudiant \u00e0 l\u2019ext\u00e9rieur de la communaut\u00e9, avec l\u2019appui de ma famille et de mes amis, et en suivant les cours requis pour me lancer dans une carri\u00e8re en g\u00e9nie. Cette exp\u00e9rience a renforc\u00e9 mon engagement \u00e0 b\u00e2tir et \u00e0 am\u00e9liorer les infrastructures chaque jour, puisqu\u2019elle a profond\u00e9ment touch\u00e9 ma communaut\u00e9 et m\u2019a montr\u00e9 \u00e0 quel point ces solutions sont essentielles.&nbsp;<\/p>\n\n\n\n<div class=\"aecom-custom-block client-quote-block\" style=\"margin-top: 60px; margin-bottom: 60px\">\n    <p class=\"client-quote-text\" style=\"margin-top: 30px\";>\n        J\u2019ai grandi au sein de la Premi\u00e8re Nation de Yellow Quill et ma passion pour l\u2019ing\u00e9nierie est n\u00e9e de ma curiosit\u00e9 et des d\u00e9fis v\u00e9cus par ma communaut\u00e9. Aujourd\u2019hui, en tant que technologue en g\u00e9nie civil, je m\u2019engage \u00e0 fournir des solutions d\u2019infrastructures de haute qualit\u00e9 qui ont un impact concret. J\u2019accorde une grande importance \u00e0 l\u2019apprentissage continu, \u00e0 la pr\u00e9cision et au travail d\u2019\u00e9quipe dans chaque projet.    <\/p>\n    <p class=\"client-quote-author\">\n            <\/p>\n    <p class=\"client-quote-title\">\n            <\/p>\n<\/div>\n\n\n<h3 class=\"wp-block-heading\"><strong><strong><strong>Sur quel projet d\u2019AECOM avez-vous le plus aim\u00e9 travailler? Pourquoi?<\/strong>&nbsp;<\/strong><\/strong><\/h3>\n\n\n\n<p>Au sein d\u2019AECOM, j\u2019ai particip\u00e9 \u00e0 de nombreux projets dans tout le Canada, dont je suis tr\u00e8s fi\u00e8re. Globalement, mon projet pr\u00e9f\u00e9r\u00e9 est toujours celui sur lequel je travaille actuellement\u202f: il me motive \u00e0 apprendre, \u00e0 \u00e9voluer et \u00e0 donner le meilleur de moi-m\u00eame. Chaque nouveau d\u00e9fi s\u2019appuie sur le pr\u00e9c\u00e9dent, que je sois en train de peaufiner des plans de nivellement, de coordonner les r\u00e9seaux de services publics ou de m\u2019assurer que les am\u00e9nagements de site respectent \u00e0 la fois les exigences fonctionnelles et r\u00e9glementaires.&nbsp;<\/p>\n\n\n\n<p>Mon projet pr\u00e9f\u00e9r\u00e9 le plus r\u00e9cent a \u00e9t\u00e9 l\u2019initiative d\u2019\u00e9tang sec et de gestion des eaux pluviales de Forest&nbsp;Heights&nbsp;\u00e0 Edmonton, o\u00f9 notre \u00e9quipe \u00e9tait charg\u00e9e d\u2019am\u00e9liorer la gestion des eaux pluviales pour la collectivit\u00e9. Le travail consistait \u00e0 int\u00e9grer de nouvelles infrastructures pluviales dans un r\u00e9seau dense de services publics existants, ce qui n\u00e9cessitait une coordination rigoureuse pour garantir une conception efficace et constructible. Nous avons aussi con\u00e7u un nouvel \u00e9tang sec, en trouvant un juste \u00e9quilibre entre les exigences techniques et l\u2019objectif de pr\u00e9server le plus grand nombre possible d\u2019arbres matures. Le projet int\u00e9grait plusieurs am\u00e9nagements de d\u00e9veloppement de foss\u00e9s v\u00e9g\u00e9talis\u00e9s \u00e0 faible impact, des solutions que je ne connaissais pas encore et qui ont constitu\u00e9 une exp\u00e9rience d\u2019apprentissage tr\u00e8s enrichissante. Dans l\u2019ensemble, c\u2019\u00e9tait un projet gratifiant qui m\u2019a permis d\u2019\u00e9largir mes comp\u00e9tences techniques et de renforcer ma compr\u00e9hension de la conception des installations de gestion des eaux pluviales.&nbsp;<\/p>\n\n\n\n<p>Chaque projet m\u00e9rite d\u2019\u00eatre r\u00e9alis\u00e9 selon les normes les plus \u00e9lev\u00e9es, et ma passion pour l\u2019excellence repose sur cette mentalit\u00e9. La diversit\u00e9 de mes t\u00e2ches professionnelles m\u2019a continuellement pouss\u00e9e \u00e0 \u00e9largir mes comp\u00e9tences techniques et \u00e0 contribuer \u00e0 des solutions utiles qui aident les clients et les collectivit\u00e9s de tout le pays.&nbsp;<\/p>\n\n\n\n<div class=\"aecom-custom-block client-quote-block\" style=\"margin-top: 60px; margin-bottom: 60px\">\n    <p class=\"client-quote-text\" style=\"margin-top: 30px\";>\n        Mon projet pr\u00e9f\u00e9r\u00e9 le plus r\u00e9cent a \u00e9t\u00e9 l\u2019initiative d\u2019\u00e9tang sec et de gestion des eaux pluviales de Forest Heights \u00e0 Edmonton. Le projet int\u00e9grait plusieurs am\u00e9nagements de d\u00e9veloppement de foss\u00e9s v\u00e9g\u00e9talis\u00e9s \u00e0 faible impact, des solutions que je ne connaissais pas encore et qui ont constitu\u00e9 une exp\u00e9rience d\u2019apprentissage tr\u00e8s enrichissante. Dans l\u2019ensemble, c\u2019\u00e9tait un projet gratifiant qui m\u2019a permis d\u2019\u00e9largir mes comp\u00e9tences techniques et de renforcer ma compr\u00e9hension de la conception des installations de gestion des eaux pluviales.    <\/p>\n    <p class=\"client-quote-author\">\n            <\/p>\n    <p class=\"client-quote-title\">\n            <\/p>\n<\/div>\n\n\n<h3 class=\"wp-block-heading\"><strong><strong><strong>Expliquez-nous en&nbsp;quoi votre travail a des retomb\u00e9es positives sur la collectivit\u00e9.<\/strong>&nbsp;&nbsp;<\/strong><\/strong><\/h3>\n\n\n\n<p>Chaque projet sur lequel je travaille repr\u00e9sente une solution pour r\u00e9pondre \u00e0 un besoin r\u00e9el. Qu\u2019il s\u2019agisse de concevoir des r\u00e9seaux municipaux de traitement des eaux et des eaux us\u00e9es pour maintenir la propret\u00e9 des rues, de planifier des d\u00e9charges et des lagunes pour pr\u00e9server l\u2019environnement, ou d\u2019\u00e9laborer des am\u00e9nagements de sites pour des projets commerciaux rapprochant les services des citoyens, mon travail consiste \u00e0 transformer chaque d\u00e9fi en possibilit\u00e9.&nbsp;&nbsp;<\/p>\n\n\n\n<p>Un projet r\u00e9cent qui m\u2019a marqu\u00e9 plus que les autres est l\u2019agrandissement de la d\u00e9charge de la ville de Saskatoon, o\u00f9 nous avons ajout\u00e9 une nouvelle cellule d\u2019enfouissement et aid\u00e9 la&nbsp;Ville \u00e0 planifier l\u2019avenir \u00e0 long terme du site, soutenant un projet qui a des retomb\u00e9es directes sur la gestion des d\u00e9chets pour les habitants de Saskatoon.&nbsp;<\/p>\n\n\n\n<p>Ces projets ne permettent pas seulement de r\u00e9soudre des probl\u00e8mes, ils contribuent \u00e0 la prosp\u00e9rit\u00e9 des collectivit\u00e9s. Des infrastructures fiables signifient des quartiers plus solides, des familles en meilleure sant\u00e9 et des possibilit\u00e9s de d\u00e9veloppement. Chaque choix dans la conception, aussi petit soit-il, participe \u00e0 la qualit\u00e9 de vie des personnes qui d\u00e9pendent de ces syst\u00e8mes au quotidien.&nbsp;<\/p>\n\n\n\n<div class=\"aecom-custom-block client-quote-block\" style=\"margin-top: 60px; margin-bottom: 60px\">\n    <p class=\"client-quote-text\" style=\"margin-top: 30px\";>\n        Ces projets ne permettent pas seulement de r\u00e9soudre des probl\u00e8mes, ils contribuent \u00e0 la prosp\u00e9rit\u00e9 des collectivit\u00e9s. Des infrastructures fiables signifient des quartiers plus solides, des familles en meilleure sant\u00e9 et des possibilit\u00e9s de d\u00e9veloppement.\u202f    <\/p>\n    <p class=\"client-quote-author\">\n            <\/p>\n    <p class=\"client-quote-title\">\n            <\/p>\n<\/div>\n\n\n<h3 class=\"wp-block-heading\"><strong><strong><strong>Partagez un conseil professionnel.<\/strong>&nbsp;<\/strong><\/strong><\/h3>\n\n\n\n<p>La r\u00e9ussite commence par le travail d\u2019\u00e9quipe. Prenez toujours le temps de bien comprendre l\u2019information re\u00e7ue, sans&nbsp;avoir peur&nbsp;de poser des questions. Il y a ici des personnes qui sont l\u00e0 pour aider et nous pouvons nous entraider. C\u2019est le partage des connaissances et la collaboration vers un objectif commun qui permet \u00e0 chaque personne de r\u00e9ussir.&nbsp;<\/p>\n\n\n\n<div style=\"height:36px\" aria-hidden=\"true\" class=\"wp-block-spacer\"><\/div>\n\n\n\n<h3 class=\"wp-block-heading\"><strong><strong><strong><strong><strong>Pleins feux en vedette<\/strong><\/strong><\/strong><\/strong><\/strong><\/h3>\n\n\n\n<div class=\"wp-block-columns is-layout-flex wp-container-core-columns-is-layout-9d6595d7 wp-block-columns-is-layout-flex\">\n<div class=\"wp-block-column is-layout-flow wp-block-column-is-layout-flow\">    <div class=\"aecom-custom-block single-promo-block\" style=\"background-color: #000000;margin-top: 0px; margin-bottom: 48px;\">\n                    <div class=\"promo-bg\" style=\"background-image: url('https:\/\/aecom.com\/fr-ca\/wp-content\/uploads\/2025\/12\/Prince_Albert_WTP_201707-4-scaled.jpg');opacity: 30%\"><\/div>\n                            <div class=\"promo-content\">\n                <h4>Pleins feux sur les employ\u00e9s :<\/h4>\n                <h2>Voici Ryan\u202fKing<\/h2>\n                <p>Ryan est le responsable du segment de march\u00e9 pour les communaut\u00e9s nordiques et autochtones du secteur d\u2019affaires eau pour la r\u00e9gion Canada.<\/p>\n                <div class=\"promo-link\">\n                    <a href=\"\/fr-ca\/people-spotlight-meet-ryan-king\/\"  class=\"aecom-global-cta aecom-global-cta-bold aecom-global-cta-sml aecom-global-cta-e-green-solid\">Lire la suite<\/a>\n                <\/div>\n            <\/div>\n            <\/div><\/div>\n\n\n\n<div class=\"wp-block-column is-layout-flow wp-block-column-is-layout-flow\">    <div class=\"aecom-custom-block single-promo-block\" style=\"background-color: #000000;margin-top: 0px; margin-bottom: 48px;\">\n                    <div class=\"promo-bg\" style=\"background-image: url('https:\/\/aecom.com\/fr-ca\/wp-content\/uploads\/2025\/08\/Ind-Pic-2-e1755541925305.jpg');opacity: 30%\"><\/div>\n                            <div class=\"promo-content\">\n                <h4>Pleins feux sur les employ\u00e9s :<\/h4>\n                <h2>Voici Daniel Charbonneau<\/h2>\n                <p>Daniel  est un fier Algonquin (Anichinab\u00e9) et un gestionnaire de projet de r\u00e9conciliation de la r\u00e9gion Canada.<\/p>\n                <div class=\"promo-link\">\n                    <a href=\"\/fr-ca\/people-spotlight-meet-ryan-king\/\"  class=\"aecom-global-cta aecom-global-cta-bold aecom-global-cta-sml aecom-global-cta-e-green-solid\">Lire la suite<\/a>\n                <\/div>\n            <\/div>\n            <\/div><\/div>\n\n\n\n<div class=\"wp-block-column is-layout-flow wp-block-column-is-layout-flow\">    <div class=\"aecom-custom-block single-promo-block\" style=\"background-color: #000000;margin-top: 0px; margin-bottom: 48px;\">\n                    <div class=\"promo-bg\" style=\"background-image: url('https:\/\/aecom.com\/fr-ca\/wp-content\/uploads\/2025\/08\/gh3-Warehouse_Park-02-1.jpg');opacity: 30%\"><\/div>\n                            <div class=\"promo-content\">\n                <h4>Pleins feux sur les employ\u00e9s :<\/h4>\n                <h2>Voici Jeff Chan<\/h2>\n                <p>Jeff est un ing\u00e9nieur en structures de notre secteur d\u2019affaires b\u00e2timents + am\u00e9nagements de la r\u00e9gion Canada.<\/p>\n                <div class=\"promo-link\">\n                    <a href=\"\/fr-ca\/people-spotlight-meet-jeff-chan\/\"  class=\"aecom-global-cta aecom-global-cta-bold aecom-global-cta-sml aecom-global-cta-e-green-solid\">Lire la suite<\/a>\n                <\/div>\n            <\/div>\n            <\/div><\/div>\n<\/div>\n<\/div>\n\n\n\n<div class=\"wp-block-column is-layout-flow wp-block-column-is-layout-flow\" style=\"flex-basis:25%\">\n<h3 class=\"wp-block-heading\"><strong><strong><strong>Suivez nos derni\u00e8res mises \u00e0 jour<\/strong><\/strong><\/strong><\/h3>\n\n\n\n<div class=\"wp-block-columns conference-social-sidebar is-layout-flex wp-container-core-columns-is-layout-9d6595d7 wp-block-columns-is-layout-flex\">\n<div class=\"wp-block-column is-vertically-aligned-top is-layout-flow wp-block-column-is-layout-flow\" style=\"flex-basis:17%\">\n<figure class=\"wp-block-image size-full\"><a href=\"https:\/\/www.linkedin.com\/showcase\/aecom-qu%C3%A9bec\/?lipi=urn%3Ali%3Apage%3Ad_flagship3_company_posts%3Bnqx98rOVQRKrzgAbtqhvgw%3D%3D\" target=\"_blank\" rel=\"noopener\"><img decoding=\"async\" src=\"https:\/\/aecom.com\/content\/wp-content\/uploads\/2026\/02\/2026-icon-linkedin.png\" alt=\"\" class=\"wp-image-190196\"\/><\/a><\/figure>\n<\/div>\n\n\n\n<div class=\"wp-block-column is-vertically-aligned-top is-layout-flow wp-block-column-is-layout-flow\" style=\"flex-basis:83%\">\n<p>AECOM sur LinkedIn<\/p>\n<\/div>\n<\/div>\n\n\n\n<div class=\"wp-block-columns conference-social-sidebar is-layout-flex wp-container-core-columns-is-layout-9d6595d7 wp-block-columns-is-layout-flex\">\n<div class=\"wp-block-column is-vertically-aligned-top is-layout-flow wp-block-column-is-layout-flow\" style=\"flex-basis:17%\">\n<figure class=\"wp-block-image size-full\"><a href=\"https:\/\/www.linkedin.com\/in\/anastasia-squirrel-aa2153149\/\" target=\"_blank\" rel=\"noopener\"><img decoding=\"async\" src=\"https:\/\/aecom.com\/content\/wp-content\/uploads\/2026\/02\/2026-icon-linkedin.png\" alt=\"\" class=\"wp-image-190196\"\/><\/a><\/figure>\n<\/div>\n\n\n\n<div class=\"wp-block-column is-vertically-aligned-top is-layout-flow wp-block-column-is-layout-flow\" style=\"flex-basis:83%\">\n<p>Anastasia Squirrel sur LinkedIn<\/p>\n<\/div>\n<\/div>\n\n\n\n<div style=\"height:12px\" aria-hidden=\"true\" class=\"wp-block-spacer\"><\/div>\n\n\n\n<div class=\"aecom-custom-block aecom-careers-sidebar-button\">\n  <ul class=\"sidebar-cta-buttons\">\n          <li class=\"sidebar-cta-btn\">\n        <a href=\"\/fr-ca\/people-spotlights-ca\/\" class=\"cta-btn-label\">\n            <div class=\"label-container\">\n            <h4>Voir nos autres Pleins feux sur les employ\u00e9s <\/h4>\n                            <p>Cliquez ici <i class=\"fas fa-chevron-right\"><\/i><\/p>\n                        <\/div>\n        <\/a>\n      <\/li>\n    \n  <\/ul>\n<\/div><\/div>\n<\/div>\n","protected":false},"excerpt":{"rendered":"<p>Anastasia\u202fSquirrel a obtenu un dipl\u00f4me en technologies de g\u00e9nie civil \u00e0 la Polytechnique de la Saskatchewan et travaille en tant que sp\u00e9cialiste en CDAO en g\u00e9nie civil avec une solide ma\u00eetrise du logiciel Civil\u202f3D et des logiciels de conception compl\u00e9mentaires. L\u2019exp\u00e9rience d\u2019Anastasia comprend la conception de sites en g\u00e9nie civil pour des projets industriels, des&#8230;<\/p>\n","protected":false},"author":701,"featured_media":8521,"parent":0,"menu_order":0,"comment_status":"closed","ping_status":"closed","template":"views\/page-careers.blade.php","meta":{"_acf_changed":false,"footnotes":""},"yst_prominent_words":[],"class_list":["post-8519","page","type-page","status-publish","has-post-thumbnail","hentry"],"acf":[],"_links":{"self":[{"href":"https:\/\/aecom.com\/fr-ca\/wp-json\/wp\/v2\/pages\/8519","targetHints":{"allow":["GET"]}}],"collection":[{"href":"https:\/\/aecom.com\/fr-ca\/wp-json\/wp\/v2\/pages"}],"about":[{"href":"https:\/\/aecom.com\/fr-ca\/wp-json\/wp\/v2\/types\/page"}],"author":[{"embeddable":true,"href":"https:\/\/aecom.com\/fr-ca\/wp-json\/wp\/v2\/users\/701"}],"replies":[{"embeddable":true,"href":"https:\/\/aecom.com\/fr-ca\/wp-json\/wp\/v2\/comments?post=8519"}],"version-history":[{"count":10,"href":"https:\/\/aecom.com\/fr-ca\/wp-json\/wp\/v2\/pages\/8519\/revisions"}],"predecessor-version":[{"id":8541,"href":"https:\/\/aecom.com\/fr-ca\/wp-json\/wp\/v2\/pages\/8519\/revisions\/8541"}],"wp:featuredmedia":[{"embeddable":true,"href":"https:\/\/aecom.com\/fr-ca\/wp-json\/wp\/v2\/media\/8521"}],"wp:attachment":[{"href":"https:\/\/aecom.com\/fr-ca\/wp-json\/wp\/v2\/media?parent=8519"}],"wp:term":[{"taxonomy":"yst_prominent_words","embeddable":true,"href":"https:\/\/aecom.com\/fr-ca\/wp-json\/wp\/v2\/yst_prominent_words?post=8519"}],"curies":[{"name":"wp","href":"https:\/\/api.w.org\/{rel}","templated":true}]}}