{"id":8755,"date":"2026-03-19T14:20:20","date_gmt":"2026-03-19T14:20:20","guid":{"rendered":"https:\/\/aecom.com\/fr-ca\/people-spotlight-meet-natalie-wilson\/"},"modified":"2026-03-24T23:54:01","modified_gmt":"2026-03-24T23:54:01","slug":"people-spotlight-meet-natalie-wilson","status":"publish","type":"page","link":"https:\/\/aecom.com\/fr-ca\/people-spotlight-meet-natalie-wilson\/","title":{"rendered":"Pleins feux sur les employ\u00e9s : Voici Natalie Wilson"},"content":{"rendered":"\n    <div class=\"aecom-custom-block careers-header\" style=\"background-color: #000000; margin-top: 0px; margin-bottom: 48px;\">\n    <div class=\"careers-header-content\">\n                    <div class=\"careers-header-bg\" style=\"background-image: url('https:\/\/aecom.com\/fr-ca\/wp-content\/uploads\/2026\/03\/Natalie-Wilson-PS-header.jpg');opacity: 80%;\"><\/div>\n                    <div class=\"row no-gutters header-container\">\n                <div class=\"col careers-title\">\n                    <div class=\"header-title\">\n                        <p class=\"careers-sub-title\"><\/p>\n                        <h1>Pleins feux sur les employ\u00e9s : Voci Natalie Wilson<\/h1>\n                    <\/div>\n                                            <div class=\"header-content\">\n                            <section class=\"spotlight-header-info\">\n<article class=\"spotlight-header-item-1\"><img loading=\"lazy\" decoding=\"async\" class=\"alignnone wp-image-177235 size-full\" src=\"https:\/\/aecom.com\/content\/wp-content\/uploads\/2026\/03\/Natalie-Wilson-PS-150x150-1.png\" alt=\"\" width=\"150\" height=\"150\" \/><\/article>\n<article class=\"spotlight-header-item-2\">\n<h2 style=\"color: #00ff93;\"><strong>Natalie Wilson<\/strong><\/h2>\n<h3><em>Natalie est la responsable de secteur de march\u00e9 pour l&#8217;Ouest du Canada et ing\u00e9nieure de proc\u00e9d\u00e9s sp\u00e9cialis\u00e9e principalement dans le traitement des eaux us\u00e9es.<\/em><\/h3>\n<\/article>\n<\/section>\n                        <\/div>\n                                        <div class=\"cta-container\">\n\n                        <!-- add condition here -->\n                        \n                        <!-- add condition here -->\n                        \n\n                    <\/div>\n                    \n                <\/div>\n            <\/div>\n        <\/div>\n    <\/div>\n\n\n<div class=\"wp-block-columns aecom-centered-column is-layout-flex wp-container-core-columns-is-layout-9d6595d7 wp-block-columns-is-layout-flex\">\n<div class=\"wp-block-column is-layout-flow wp-block-column-is-layout-flow\" style=\"flex-basis:75%\">\n<div class=\"aecom-custom-block block-intro-text\" style=\"margin-top: 0px; margin-bottom: 48px\">\n    <p class=\"editor-emphasized\">\n        Notre <a href=\"https:\/\/aecom.com\/fr-ca\/people-spotlights-ca\/\" target=\"_blank\">s\u00e9rie Pleins feux sur les employ\u00e9s<\/a> vous donne un aper\u00e7u de nos experts techniques \u00e0 travers le pays.  Cette semaine, nous vous pr\u00e9sentons une ing\u00e9nieure des proc\u00e9d\u00e9s de notre secteur d\u2019affaires eau, bas\u00e9e dans notre bureau de Winnipeg, et nous vous donnons un aper\u00e7u de son inspiration et de son travail dans le domaine du g\u00e9nie civil.    <\/p>\n<\/div>\n\n\n<p>Natalie est gestionnaire de projet et ing\u00e9nieure des proc\u00e9d\u00e9s au bureau de Winnipeg (Manitoba). En tant que responsable r\u00e9gionale du segment pour l\u2019Ouest canadien, elle travaille principalement sur le traitement des eaux us\u00e9es. Natalie a termin\u00e9 sa th\u00e8se de ma\u00eetrise en g\u00e9nie civil sur la d\u00e9sammonification en 2017 pendant son cong\u00e9 de maternit\u00e9. Sa famille et elle sont de fervents adeptes du camping.<\/p>\n\n\n\n<hr class=\"wp-block-separator has-text-color has-alpha-channel-opacity has-background is-style-dots\" style=\"background-color:#00ab61;color:#00ab61\"\/>\n\n\n\n<h3 class=\"wp-block-heading\">Qu\u2019est-ce qui vous a inspir\u00e9e \u00e0 travailler dans ce domaine?<\/h3>\n\n\n\n<p>Je suis arriv\u00e9e dans le secteur eau par hasard. Je suis devenue ing\u00e9nieure pour travailler \u00e0 att\u00e9nuer la d\u00e9gradation de l\u2019environnement par l\u2019entremise d\u2019\u00e9tudes d\u2019impact sur l\u2019environnement, et suivre les traces de ma m\u00e8re, qui \u00e9tait sp\u00e9cialiste de la conservation des sols. En 2016, un poste de stagiaire au sein du secteur eau d\u2019AECOM \u00e0 Winnipeg m\u2019a fait changer d\u2019avis, car j\u2019ai pu travailler sur quelques projets int\u00e9ressants avec des personnes inspirantes.<\/p>\n\n\n\n<div class=\"aecom-custom-block client-quote-block\" style=\"margin-top: 60px; margin-bottom: 60px\">\n    <p class=\"client-quote-text\" style=\"margin-top: 30px\";>\n        Je suis devenue ing\u00e9nieure pour travailler \u00e0 att\u00e9nuer la d\u00e9gradation de l\u2019environnement par l\u2019entremise d\u2019\u00e9tudes d\u2019impact sur l\u2019environnement, et suivre les traces de ma m\u00e8re, qui \u00e9tait sp\u00e9cialiste de la conservation des sols.     <\/p>\n    <p class=\"client-quote-author\">\n            <\/p>\n    <p class=\"client-quote-title\">\n            <\/p>\n<\/div>\n\n\n<h3 class=\"wp-block-heading\"><strong><strong>Sur quel projet d\u2019AECOM avez-vous le plus aim\u00e9 travailler? Pourquoi?<\/strong><\/strong><\/h3>\n\n\n\n<p>J\u2019ai eu la chance de travailler sur de nombreux projets o\u00f9 l\u2019on m\u2019a fix\u00e9 des objectifs ambitieux et o\u00f9 j\u2019ai collabor\u00e9 avec des clients int\u00e9ressants sur divers concepts d\u2019infrastructure, et j\u2019en suis tr\u00e8s reconnaissante. J\u2019appr\u00e9cie les projets \u00e0 m\u00e9thodes diversifi\u00e9es qui permettent une importante collaboration avec les propri\u00e9taires et l\u2019\u00e9quipe de construction. Cette collaboration permet de prendre les meilleures d\u00e9cisions possibles, car l\u2019ensemble de l\u2019\u00e9quipe donne la priorit\u00e9 \u00e0 ce qui convient le mieux au projet. La mise \u00e0 niveau de l\u2019usine de traitement des eaux us\u00e9es de North End pour la Ville de Winnipeg a permis \u00e0 notre \u00e9quipe de r\u00e9aliser chaque phase de la mani\u00e8re la plus efficace possible. AECOM est l\u2019ing\u00e9nieur propri\u00e9taire et aide la municipalit\u00e9 \u00e0 trouver la m\u00e9thode d\u2019ex\u00e9cution avant d\u2019aller de l\u2019avant. En tant que gestionnaire de programmes, j\u2019aime constituer des \u00e9quipes AECOM compos\u00e9es de personnes dans le monde entier. C\u2019est tr\u00e8s gratifiant de pouvoir contacter des experts et de b\u00e9n\u00e9ficier de leur soutien pour cette mise \u00e0 niveau. <\/p>\n\n\n\n<p>Nous avons r\u00e9cemment fait appel \u00e0 plus de 100 employ\u00e9s d\u2019AECOM par mois pour soutenir nos 8 projets actifs au sein du programme. Des concepteurs aux gestionnaires en passant par les op\u00e9rateurs de traitement des eaux us\u00e9es, les examinateurs de la qualit\u00e9, les conseillers en conception-construction, les estimateurs de co\u00fbts et les contr\u00f4leurs de projets, nous tirons parti d\u2019un large \u00e9ventail d\u2019expertises au sein d\u2019AECOM. Avec cette \u00e9quipe si diversifi\u00e9e, nous pouvons aborder les probl\u00e8mes sous diff\u00e9rents angles et \u00e9laborer des solutions qui att\u00e9nuent les risques. Ce projet m\u2019a rendue tr\u00e8s fi\u00e8re de travailler pour une entreprise qui valorise r\u00e9ellement nos diff\u00e9rents niveaux d\u2019expertise technique.<\/p>\n\n\n\n<div class=\"aecom-custom-block client-quote-block\" style=\"margin-top: 60px; margin-bottom: 60px\">\n    <p class=\"client-quote-text\" style=\"margin-top: 30px\";>\n        La mise \u00e0 niveau de l\u2019usine de traitement des eaux us\u00e9es de North End pour la Ville de Winnipeg a permis \u00e0 notre \u00e9quipe de r\u00e9aliser chaque phase de la mani\u00e8re la plus efficace possible. AECOM est l\u2019ing\u00e9nieur propri\u00e9taire et aide la municipalit\u00e9 \u00e0 trouver la m\u00e9thode d\u2019ex\u00e9cution avant d\u2019aller de l\u2019avant. En tant que gestionnaire de programmes, j\u2019aime constituer des \u00e9quipes AECOM compos\u00e9es de personnes dans le monde entier. C\u2019est tr\u00e8s gratifiant de pouvoir contacter des experts et de b\u00e9n\u00e9ficier de leur soutien pour cette mise \u00e0 niveau.    <\/p>\n    <p class=\"client-quote-author\">\n            <\/p>\n    <p class=\"client-quote-title\">\n            <\/p>\n<\/div>\n\n\n<h3 class=\"wp-block-heading\"><strong><strong>Expliquez-nous en quoi votre travail a des retomb\u00e9es positives sur la collectivit\u00e9.<\/strong><\/strong><\/h3>\n\n\n\n<p>Lorsque j\u2019ai commenc\u00e9 \u00e0 travailler \u00e0 temps plein apr\u00e8s l\u2019obtention de mon dipl\u00f4me, j\u2019ai eu l\u2019occasion de m\u2019installer \u00e0 Trinit\u00e9-et-Tobago pour aider une \u00e9quipe \u00e0 concevoir deux nouvelles installations de traitement des eaux us\u00e9es et leurs r\u00e9seaux collecteurs dans le cadre d\u2019un projet attribu\u00e9 \u00e0 AECOM. J\u2019ai pu aider, mais aussi apprendre, dans chaque aspect du projet. Outre la conception des installations, nous avons \u00e9t\u00e9 confront\u00e9s \u00e0 des d\u00e9fis qui sont probablement propres aux pays en d\u00e9veloppement. Par exemple, il n\u2019existait pas de plans de r\u00e9colement ad\u00e9quats pour certaines parties du r\u00e9seau d\u2019\u00e9gouts et nous avons donc d\u00fb en cr\u00e9er, en creusant des trous d\u2019homme et en prenant des mesures. Voir comment la collecte et le traitement des eaux us\u00e9es \u00e9taient g\u00e9r\u00e9s auparavant a \u00e9t\u00e9 r\u00e9v\u00e9lateur. Presque toutes les collectivit\u00e9s disposaient d\u2019eau potable, mais les eaux us\u00e9es d\u00e9bordaient dans les foss\u00e9s de drainage ou passaient par des installations de traitement abandonn\u00e9es ou n\u00e9glig\u00e9es. Bien qu\u2019il ait fallu un certain temps avant que la construction ne commence, l\u2019impact de l\u2019\u00e9quipe d\u2019AECOM sur l\u2019am\u00e9lioration de l\u2019infrastructure des eaux us\u00e9es et de l\u2019environnement g\u00e9n\u00e9ral \u00e0 Trinit\u00e9-et-Tobago a \u00e9t\u00e9 immense.<\/p>\n\n\n\n<div class=\"aecom-custom-block client-quote-block\" style=\"margin-top: 60px; margin-bottom: 60px\">\n    <p class=\"client-quote-text\" style=\"margin-top: 30px\";>\n        L\u2019impact de l\u2019\u00e9quipe d\u2019AECOM sur l\u2019am\u00e9lioration de l\u2019infrastructure des eaux us\u00e9es et de l\u2019environnement g\u00e9n\u00e9ral \u00e0 Trinit\u00e9-et-Tobago a \u00e9t\u00e9 immense.    <\/p>\n    <p class=\"client-quote-author\">\n            <\/p>\n    <p class=\"client-quote-title\">\n            <\/p>\n<\/div>\n\n\n<h3 class=\"wp-block-heading\"><strong><strong>Partagez un conseil professionnel.<\/strong>\u00a0<\/strong><\/h3>\n\n\n\n<p>Ne cessez jamais de poser des questions et n\u2019ayez pas peur de demander de l\u2019aide. C\u2019est en se fixant des objectifs ambitieux et en cherchant \u00e0 les atteindre que l\u2019on peut rencontrer des personnes incroyables au sein d\u2019AECOM et de notre secteur.<\/p>\n\n\n\n<p>Essayez aussi de vous impliquer dans une organisation professionnelle en dehors de votre travail. Participez \u00e0 l\u2019organisation d\u2019un \u00e9v\u00e9nement, rencontrez le groupe local de jeunes professionnels (ou de professionnels chevronn\u00e9s!), offrez du mentorat et allez simplement rencontrer vos pairs d\u2019autres entreprises. Partagez votre passion pour votre travail.<\/p>\n\n\n\n<div style=\"height:36px\" aria-hidden=\"true\" class=\"wp-block-spacer\"><\/div>\n\n\n\n<figure class=\"wp-block-gallery has-nested-images columns-default is-cropped wp-block-gallery-1 is-layout-flex wp-block-gallery-is-layout-flex\">\n<figure class=\"wp-block-image size-large\"><img decoding=\"async\" data-id=\"192221\" src=\"https:\/\/aecom.com\/content\/wp-content\/uploads\/2026\/03\/Regina-WWTP_2-1024x605-1.jpg\" alt=\"\" class=\"wp-image-192221\"\/><\/figure>\n\n\n\n<figure class=\"wp-block-image size-large\"><img decoding=\"async\" data-id=\"192198\" src=\"https:\/\/aecom.com\/content\/wp-content\/uploads\/2026\/03\/Natalie-Wilson-PS-in-copy-1024x683-1.jpg\" alt=\"\" class=\"wp-image-192198\"\/><\/figure>\n<\/figure>\n\n\n\n<div style=\"height:36px\" aria-hidden=\"true\" class=\"wp-block-spacer\"><\/div>\n\n\n\n<h3 class=\"wp-block-heading\"><strong><strong><strong><strong><strong>Pleins feux en vedette<\/strong><\/strong><\/strong><\/strong><\/strong><\/h3>\n\n\n\n<div class=\"wp-block-columns is-layout-flex wp-container-core-columns-is-layout-9d6595d7 wp-block-columns-is-layout-flex\">\n<div class=\"wp-block-column is-layout-flow wp-block-column-is-layout-flow\">    <div class=\"aecom-custom-block single-promo-block\" style=\"background-color: #0f0000;margin-top: 0px; margin-bottom: 40px;\">\n                    <div class=\"promo-bg\" style=\"background-image: url('https:\/\/aecom.com\/fr-ca\/wp-content\/uploads\/2026\/02\/Gardiner-Dam-Spillway-Rehab.jpg');opacity: 30%\"><\/div>\n                            <div class=\"promo-content\">\n                <h4>Pleins feux sur les employ\u00e9s :<\/h4>\n                <h2>Voici Anastasia  Squirrel<\/h2>\n                <p>Anastasia est une technologue en g\u00e9nie civil qui travaille dans le domaine de la consultation des Autochtones au Canada.<\/p>\n                <div class=\"promo-link\">\n                    <a href=\"\/fr-ca\/people-spotlight-meet-anastasia-squirrel\/\"  class=\"aecom-global-cta aecom-global-cta-bold aecom-global-cta-sml aecom-global-cta-e-green-solid\">Lire la suite<\/a>\n                <\/div>\n            <\/div>\n            <\/div><\/div>\n\n\n\n<div class=\"wp-block-column is-layout-flow wp-block-column-is-layout-flow\">    <div class=\"aecom-custom-block single-promo-block\" style=\"background-color: #0f0000;margin-top: 0px; margin-bottom: 40px;\">\n                    <div class=\"promo-bg\" style=\"background-image: url('https:\/\/aecom.com\/fr-ca\/wp-content\/uploads\/2025\/12\/Prince_Albert_WTP_201707-4-scaled.jpg');opacity: 30%\"><\/div>\n                            <div class=\"promo-content\">\n                <h4>Pleins feux sur les employ\u00e9s :<\/h4>\n                <h2>Voici Ryan King<\/h2>\n                <p>Ryan est le responsable du segment de march\u00e9 pour les communaut\u00e9s nordiques et autochtones du secteur d\u2019affaires eau pour la r\u00e9gion Canada.<\/p>\n                <div class=\"promo-link\">\n                    <a href=\"\/fr-ca\/people-spotlight-meet-ryan-king\/\"  class=\"aecom-global-cta aecom-global-cta-bold aecom-global-cta-sml aecom-global-cta-e-green-solid\">Lire la suite<\/a>\n                <\/div>\n            <\/div>\n            <\/div><\/div>\n\n\n\n<div class=\"wp-block-column is-layout-flow wp-block-column-is-layout-flow\">    <div class=\"aecom-custom-block single-promo-block\" style=\"background-color: #0f0000;margin-top: 0px; margin-bottom: 40px;\">\n                    <div class=\"promo-bg\" style=\"background-image: url('https:\/\/aecom.com\/fr-ca\/wp-content\/uploads\/2025\/08\/Ind-Pic-2-e1755541925305.jpg');opacity: 30%\"><\/div>\n                            <div class=\"promo-content\">\n                <h4>Pleins feux sur les employ\u00e9s :<\/h4>\n                <h2>Voici Daniel Charbonneau<\/h2>\n                <p>Daniel  est un fier Algonquin (Anichinab\u00e9) et un gestionnaire de projet de r\u00e9conciliation de la r\u00e9gion Canada.<\/p>\n                <div class=\"promo-link\">\n                    <a href=\"\/fr-ca\/people-spotlight-meet-ryan-king\/\"  class=\"aecom-global-cta aecom-global-cta-bold aecom-global-cta-sml aecom-global-cta-e-green-solid\">Lire la suite<\/a>\n                <\/div>\n            <\/div>\n            <\/div><\/div>\n<\/div>\n<\/div>\n\n\n\n<div class=\"wp-block-column is-layout-flow wp-block-column-is-layout-flow\" style=\"flex-basis:25%\">\n<h3 class=\"wp-block-heading\"><strong><strong>Suivez nos derni\u00e8res mises \u00e0 jour<\/strong><\/strong><\/h3>\n\n\n\n<div class=\"wp-block-columns conference-social-sidebar is-layout-flex wp-container-core-columns-is-layout-9d6595d7 wp-block-columns-is-layout-flex\">\n<div class=\"wp-block-column is-vertically-aligned-top is-layout-flow wp-block-column-is-layout-flow\" style=\"flex-basis:17%\">\n<figure class=\"wp-block-image size-full\"><a href=\"https:\/\/www.linkedin.com\/company\/aecom\/mycompany\/\" target=\"_blank\" rel=\"noopener\"><img decoding=\"async\" src=\"https:\/\/aecom.com\/content\/wp-content\/uploads\/2024\/09\/2024-icon-linkedin.png\" alt=\"\" class=\"wp-image-132875\"\/><\/a><\/figure>\n<\/div>\n\n\n\n<div class=\"wp-block-column is-vertically-aligned-top is-layout-flow wp-block-column-is-layout-flow\" style=\"flex-basis:83%\">\n<p>AECOM sur LinkedIn<\/p>\n<\/div>\n<\/div>\n\n\n\n<div class=\"wp-block-columns conference-social-sidebar is-layout-flex wp-container-core-columns-is-layout-9d6595d7 wp-block-columns-is-layout-flex\">\n<div class=\"wp-block-column is-vertically-aligned-top is-layout-flow wp-block-column-is-layout-flow\" style=\"flex-basis:17%\">\n<figure class=\"wp-block-image size-full\"><a href=\"https:\/\/aecom.com\/content\/wp-content\/uploads\/2026\/02\/2026-icon-linkedin.png\" target=\"_blank\" rel=\"noopener\"><img decoding=\"async\" src=\"https:\/\/aecom.com\/content\/wp-content\/uploads\/2024\/09\/2024-icon-linkedin.png\" alt=\"\" class=\"wp-image-132875\"\/><\/a><\/figure>\n<\/div>\n\n\n\n<div class=\"wp-block-column is-vertically-aligned-top is-layout-flow wp-block-column-is-layout-flow\" style=\"flex-basis:83%\">\n<p>Natalie Wilson sur LinkedIn<\/p>\n<\/div>\n<\/div>\n\n\n\n<div style=\"height:12px\" aria-hidden=\"true\" class=\"wp-block-spacer\"><\/div>\n\n\n\n<div class=\"aecom-custom-block aecom-careers-sidebar-button\">\n  <ul class=\"sidebar-cta-buttons\">\n          <li class=\"sidebar-cta-btn\">\n        <a href=\"\/fr-ca\/people-spotlights-ca\/\" class=\"cta-btn-label\">\n            <div class=\"label-container\">\n            <h4>Voir nos autres Pleins feux sur les employ\u00e9s <\/h4>\n                            <p>Cliquez ici <i class=\"fas fa-chevron-right\"><\/i><\/p>\n                        <\/div>\n        <\/a>\n      <\/li>\n    \n  <\/ul>\n<\/div><\/div>\n<\/div>\n","protected":false},"excerpt":{"rendered":"<p>Natalie est gestionnaire de projet et ing\u00e9nieure des proc\u00e9d\u00e9s au bureau de Winnipeg (Manitoba). En tant que responsable r\u00e9gionale du segment pour l\u2019Ouest canadien, elle travaille principalement sur le traitement des eaux us\u00e9es. Natalie a termin\u00e9 sa th\u00e8se de ma\u00eetrise en g\u00e9nie civil sur la d\u00e9sammonification en 2017 pendant son cong\u00e9 de maternit\u00e9. Sa famille&#8230;<\/p>\n","protected":false},"author":701,"featured_media":8735,"parent":0,"menu_order":0,"comment_status":"closed","ping_status":"closed","template":"views\/page-careers.blade.php","meta":{"_acf_changed":false,"footnotes":""},"yst_prominent_words":[],"class_list":["post-8755","page","type-page","status-publish","has-post-thumbnail","hentry"],"acf":[],"_links":{"self":[{"href":"https:\/\/aecom.com\/fr-ca\/wp-json\/wp\/v2\/pages\/8755","targetHints":{"allow":["GET"]}}],"collection":[{"href":"https:\/\/aecom.com\/fr-ca\/wp-json\/wp\/v2\/pages"}],"about":[{"href":"https:\/\/aecom.com\/fr-ca\/wp-json\/wp\/v2\/types\/page"}],"author":[{"embeddable":true,"href":"https:\/\/aecom.com\/fr-ca\/wp-json\/wp\/v2\/users\/701"}],"replies":[{"embeddable":true,"href":"https:\/\/aecom.com\/fr-ca\/wp-json\/wp\/v2\/comments?post=8755"}],"version-history":[{"count":4,"href":"https:\/\/aecom.com\/fr-ca\/wp-json\/wp\/v2\/pages\/8755\/revisions"}],"predecessor-version":[{"id":8804,"href":"https:\/\/aecom.com\/fr-ca\/wp-json\/wp\/v2\/pages\/8755\/revisions\/8804"}],"wp:featuredmedia":[{"embeddable":true,"href":"https:\/\/aecom.com\/fr-ca\/wp-json\/wp\/v2\/media\/8735"}],"wp:attachment":[{"href":"https:\/\/aecom.com\/fr-ca\/wp-json\/wp\/v2\/media?parent=8755"}],"wp:term":[{"taxonomy":"yst_prominent_words","embeddable":true,"href":"https:\/\/aecom.com\/fr-ca\/wp-json\/wp\/v2\/yst_prominent_words?post=8755"}],"curies":[{"name":"wp","href":"https:\/\/api.w.org\/{rel}","templated":true}]}}