{"id":878,"date":"2015-07-07T20:45:58","date_gmt":"2015-07-07T20:45:58","guid":{"rendered":"https:\/\/aecom.com\/fr-ca\/about-us\/"},"modified":"2026-03-23T15:15:11","modified_gmt":"2026-03-23T15:15:11","slug":"about-us","status":"publish","type":"page","link":"https:\/\/aecom.com\/fr-ca\/about-us\/","title":{"rendered":"\u00c0 propos d&#8217;AECOM"},"content":{"rendered":"\n<div class=\"aecom-custom-block block-intro-text\" style=\"margin-top: 0px; margin-bottom: 40px\">\n    <p class=\"editor-emphasized\">\n        Chez AECOM, nous pensons que l&#8217;infrastructure cr\u00e9e des possibilit\u00e9s pour tous \u2013 renforcer les communaut\u00e9s, am\u00e9liorer l&#8217;acc\u00e8s et pr\u00e9server notre plan\u00e8te.    <\/p>\n<\/div>\n\n\n<p>Nous nous engageons \u00e0 g\u00e9rer nos affaires de la mani\u00e8re la plus responsable possible et \u00e0 nous efforcer de toujours faire mieux \u2014 qu&#8217;il s&#8217;agisse de r\u00e9duire les \u00e9missions, de cr\u00e9er une valeur sociale ou de diversifier notre gestion et personnel.<\/p>\n\n\n\n<p>Nous comprenons \u00e0 la fois l&#8217;urgence des d\u00e9fis auxquels notre soci\u00e9t\u00e9 est confront\u00e9e et notre responsabilit\u00e9 d&#8217;agir de mani\u00e8re efficace et durable. Nous menons le changement vers un avenir plus durable et \u00e9quitable, en nous associant \u00e0 ceux qui veulent faire une diff\u00e9rence positive dans le monde.<\/p>\n\n\n\n<p>Nous sommes \u00e0 l&#8217;\u00e9coute des clients et des communaut\u00e9s que nous servons afin d&#8217;am\u00e9liorer les vies et les moyens de subsistance, et de construire un h\u00e9ritage durable pour les g\u00e9n\u00e9rations \u00e0 venir.<\/p>\n\n\n\n<p>Penser sans limites est ce qui nous permet de rester \u00e0 l&#8217;avant-garde.\u202fLes id\u00e9es n&#8217;ont pas de fronti\u00e8res, et cette \u00e9thique est ancr\u00e9e dans notre culture.\u202fToute l&#8217;\u00e9tendue de notre expertise mondiale est \u00e0 la disposition de tous ceux qui en ont besoin, o\u00f9 qu&#8217;ils se trouvent.<\/p>\n\n\n\n<p>Nous sommes des conseillers de confiance \u2014 planificateurs, des concepteurs, des ing\u00e9nieurs, des consultants et des gestionnaires des travaux de construction \u2014 qui fournissent des services professionnels dans les domaines des villes, des transports, des b\u00e2timents, de l&#8217;eau, des \u00e9nergies nouvelles et de l&#8217;environnement. Nous travaillons tout au long du cycle de vie des projets et formons une \u00e9quipe anim\u00e9e par un objectif commun : offrir un monde meilleur.<\/p>\n\n\n\n<h2 class=\"wp-block-heading\">Historique<\/h2>\n\n\n\n<p>AECOM Canada est une entreprise fi\u00e8re d\u2019\u00eatre canadienne qui soutient fermement les int\u00e9r\u00eats canadiens \u00e0 travers le pays et \u00e0 l\u2019\u00e9tranger. Notre pr\u00e9sence au Canada remonte \u00e0 plus de 114 ans et s\u2019appuie sur un engagement in\u00e9branlable \u00e0 fa\u00e7onner les infrastructures du pays et \u00e0 s\u2019adapter continuellement pour r\u00e9pondre aux besoins changeants du Canada. Au Qu\u00e9bec, AECOM Consultants Inc. a \u00e9t\u00e9 form\u00e9e en 2008 avec Tecsult et compl\u00e9t\u00e9e en 2010 par l\u2019ajout de RSW. AECOM Canada ULC  a \u00e9t\u00e9 cr\u00e9\u00e9e en 2009 par la fusion de plusieurs entreprises canadiennes bien \u00e9tablies.<\/p>\n\n\n\n<div style=\"height:24px\" aria-hidden=\"true\" class=\"wp-block-spacer\"><\/div>\n\n\n\n<figure class=\"wp-block-image size-large\"><img loading=\"lazy\" decoding=\"async\" width=\"1024\" height=\"251\" src=\"https:\/\/aecom.com\/fr-ca\/wp-content\/uploads\/2025\/12\/AECOM-history-timeline-Earth-Green-1-1024x251.jpg\" alt=\"\" class=\"wp-image-8212\" srcset=\"https:\/\/aecom.com\/fr-ca\/wp-content\/uploads\/2025\/12\/AECOM-history-timeline-Earth-Green-1-1024x251.jpg 1024w, https:\/\/aecom.com\/fr-ca\/wp-content\/uploads\/2025\/12\/AECOM-history-timeline-Earth-Green-1-300x74.jpg 300w\" sizes=\"auto, (max-width: 1024px) 100vw, 1024px\" \/><\/figure>\n\n\n\n<div style=\"height:24px\" aria-hidden=\"true\" class=\"wp-block-spacer\"><\/div>\n\n\n\n<div class=\"aecom-custom-block block-facts\"\n    style=\"margin-top: 0px; margin-bottom: 40px\">\n\n            <h2>Faits \u00e9clair<\/h2>\n        <ul class=\"list-style-check\">\n                    <li>\n                                     En 2026, AECOM a \u00e9t\u00e9 reconnue par Renew Canada pour sa participation \u00e0 38 des 100 meilleurs projets au Canada.                            <\/li>\n                    <li>\n                                    AECOM est fi\u00e8rement membre du Conseil canadien pour le commerce autochtone (Canadian Council for Indigenous Business) depuis 2019 et est fi\u00e8re d\u2019avoir obtenu la certification Bronze dans le cadre de l\u2019Accr\u00e9ditation de partenariat en relations avec les Autochtones (APRA).                            <\/li>\n                    <li>\n                                    Nomm\u00e9 meilleur concepteur au monde et class\u00e9 n\u00b01 dans les domaines de la construction g\u00e9n\u00e9rale, la conception des transports et de l&#8217;eau par Engineering News-Record en 2025.                            <\/li>\n                    <li>\n                                    Figure parmi les entreprises les plus admir\u00e9es au monde selon le magazine Fortune pour la douzi\u00e8me ann\u00e9e cons\u00e9cutive.                            <\/li>\n                    <li>\n                                    D\u00e9sign\u00e9e par Ethisphere comme l&#8217;une des entreprises les plus \u00e9thiques du monde en 2025 pour son engagement envers l&#8217;int\u00e9grit\u00e9 et la cr\u00e9ation de r\u00e9sultats positifs.                            <\/li>\n            <\/ul>\n<\/div>\n\n\n<div class=\"wp-block-columns about-badges is-layout-flex wp-container-core-columns-is-layout-9d6595d7 wp-block-columns-is-layout-flex\">\n<div class=\"wp-block-column is-layout-flow wp-block-column-is-layout-flow\">\n<figure class=\"wp-block-image aligncenter size-full\"><img loading=\"lazy\" decoding=\"async\" width=\"600\" height=\"450\" src=\"https:\/\/aecom.com\/fr-ca\/wp-content\/uploads\/2022\/11\/enr-web-2022.png\" alt=\"\" class=\"wp-image-1932\" srcset=\"https:\/\/aecom.com\/fr-ca\/wp-content\/uploads\/2022\/11\/enr-web-2022.png 600w, https:\/\/aecom.com\/fr-ca\/wp-content\/uploads\/2022\/11\/enr-web-2022-300x225.png 300w\" sizes=\"auto, (max-width: 600px) 100vw, 600px\" \/><\/figure>\n<\/div>\n\n\n\n<div class=\"wp-block-column is-layout-flow wp-block-column-is-layout-flow\">\n<figure class=\"wp-block-image aligncenter size-full\"><img loading=\"lazy\" decoding=\"async\" width=\"712\" height=\"476\" src=\"https:\/\/aecom.com\/fr-ca\/wp-content\/uploads\/2026\/03\/2689290_2026CustomWMECLogos_10x_121125-1-e1774278903238.png\" alt=\"\" class=\"wp-image-8760\" srcset=\"https:\/\/aecom.com\/fr-ca\/wp-content\/uploads\/2026\/03\/2689290_2026CustomWMECLogos_10x_121125-1-e1774278903238.png 712w, https:\/\/aecom.com\/fr-ca\/wp-content\/uploads\/2026\/03\/2689290_2026CustomWMECLogos_10x_121125-1-e1774278903238-300x201.png 300w, https:\/\/aecom.com\/fr-ca\/wp-content\/uploads\/2026\/03\/2689290_2026CustomWMECLogos_10x_121125-1-e1774278903238-272x182.png 272w\" sizes=\"auto, (max-width: 712px) 100vw, 712px\" \/><\/figure>\n<\/div>\n\n\n\n<div class=\"wp-block-column is-layout-flow wp-block-column-is-layout-flow\">\n<figure class=\"wp-block-image aligncenter size-large\"><img loading=\"lazy\" decoding=\"async\" width=\"1024\" height=\"682\" src=\"https:\/\/aecom.com\/fr-ca\/wp-content\/uploads\/2026\/02\/EQ100_2026_color-073125-1-1024x682.png\" alt=\"\" class=\"wp-image-8612\" srcset=\"https:\/\/aecom.com\/fr-ca\/wp-content\/uploads\/2026\/02\/EQ100_2026_color-073125-1-1024x682.png 1024w, https:\/\/aecom.com\/fr-ca\/wp-content\/uploads\/2026\/02\/EQ100_2026_color-073125-1-300x200.png 300w\" sizes=\"auto, (max-width: 1024px) 100vw, 1024px\" \/><\/figure>\n<\/div>\n\n\n\n<div class=\"wp-block-column is-layout-flow wp-block-column-is-layout-flow\">\n<figure class=\"wp-block-image aligncenter size-full\"><img loading=\"lazy\" decoding=\"async\" width=\"2560\" height=\"580\" src=\"https:\/\/aecom.com\/fr-ca\/wp-content\/uploads\/2025\/09\/APRA-FR-BRONZE-Logo-Colour-scaled.png\" alt=\"\" class=\"wp-image-7712\" srcset=\"https:\/\/aecom.com\/fr-ca\/wp-content\/uploads\/2025\/09\/APRA-FR-BRONZE-Logo-Colour-scaled.png 2560w, https:\/\/aecom.com\/fr-ca\/wp-content\/uploads\/2025\/09\/APRA-FR-BRONZE-Logo-Colour-300x68.png 300w, https:\/\/aecom.com\/fr-ca\/wp-content\/uploads\/2025\/09\/APRA-FR-BRONZE-Logo-Colour-1024x232.png 1024w\" sizes=\"auto, (max-width: 2560px) 100vw, 2560px\" \/><\/figure>\n<\/div>\n<\/div>\n\n\n\n<div class=\"wp-block-columns is-layout-flex wp-container-core-columns-is-layout-9d6595d7 wp-block-columns-is-layout-flex\">\n<div class=\"wp-block-column is-layout-flow wp-block-column-is-layout-flow\">\n<figure class=\"wp-block-image size-large\"><img loading=\"lazy\" decoding=\"async\" width=\"598\" height=\"1024\" src=\"https:\/\/aecom.com\/fr-ca\/wp-content\/uploads\/2026\/01\/WMAC-Vertical-2026-web-1-598x1024.jpg\" alt=\"\" class=\"wp-image-8503\" style=\"object-fit:cover\" srcset=\"https:\/\/aecom.com\/fr-ca\/wp-content\/uploads\/2026\/01\/WMAC-Vertical-2026-web-1-598x1024.jpg 598w, https:\/\/aecom.com\/fr-ca\/wp-content\/uploads\/2026\/01\/WMAC-Vertical-2026-web-1-175x300.jpg 175w, https:\/\/aecom.com\/fr-ca\/wp-content\/uploads\/2026\/01\/WMAC-Vertical-2026-web-1-scaled.jpg 1496w\" sizes=\"auto, (max-width: 598px) 100vw, 598px\" \/><\/figure>\n<\/div>\n\n\n\n<div class=\"wp-block-column is-layout-flow wp-block-column-is-layout-flow\">\n<figure class=\"wp-block-image size-full\"><img loading=\"lazy\" decoding=\"async\" width=\"391\" height=\"674\" src=\"https:\/\/aecom.com\/fr-ca\/wp-content\/uploads\/2026\/01\/2026_TOP100_Platinum_EN-1.png\" alt=\"\" class=\"wp-image-8360\" style=\"object-fit:cover\" srcset=\"https:\/\/aecom.com\/fr-ca\/wp-content\/uploads\/2026\/01\/2026_TOP100_Platinum_EN-1.png 391w, https:\/\/aecom.com\/fr-ca\/wp-content\/uploads\/2026\/01\/2026_TOP100_Platinum_EN-1-174x300.png 174w\" sizes=\"auto, (max-width: 391px) 100vw, 391px\" \/><\/figure>\n<\/div>\n\n\n\n<div class=\"wp-block-column is-layout-flow wp-block-column-is-layout-flow\">\n<figure class=\"wp-block-image size-large\"><img loading=\"lazy\" decoding=\"async\" width=\"757\" height=\"1024\" src=\"https:\/\/aecom.com\/fr-ca\/wp-content\/uploads\/2026\/01\/Time-Best-Companies-2025-757x1024.png\" alt=\"\" class=\"wp-image-8357\" style=\"object-fit:cover\" srcset=\"https:\/\/aecom.com\/fr-ca\/wp-content\/uploads\/2026\/01\/Time-Best-Companies-2025-757x1024.png 757w, https:\/\/aecom.com\/fr-ca\/wp-content\/uploads\/2026\/01\/Time-Best-Companies-2025-222x300.png 222w, https:\/\/aecom.com\/fr-ca\/wp-content\/uploads\/2026\/01\/Time-Best-Companies-2025-scaled.png 1893w\" sizes=\"auto, (max-width: 757px) 100vw, 757px\" \/><\/figure>\n<\/div>\n\n\n\n<div class=\"wp-block-column is-layout-flow wp-block-column-is-layout-flow\" style=\"flex-basis:40%\"><\/div>\n<\/div>\n\n\n","protected":false},"excerpt":{"rendered":"<p>Nous nous engageons \u00e0 g\u00e9rer nos affaires de la mani\u00e8re la plus responsable possible et \u00e0 nous efforcer de toujours faire mieux \u2014 qu&#8217;il s&#8217;agisse de r\u00e9duire les \u00e9missions, de cr\u00e9er une valeur sociale ou de diversifier notre gestion et personnel. Nous comprenons \u00e0 la fois l&#8217;urgence des d\u00e9fis auxquels notre soci\u00e9t\u00e9 est confront\u00e9e et&#8230;<\/p>\n","protected":false},"author":1,"featured_media":8214,"parent":0,"menu_order":0,"comment_status":"closed","ping_status":"closed","template":"","meta":{"_acf_changed":false,"footnotes":""},"yst_prominent_words":[],"class_list":["post-878","page","type-page","status-publish","has-post-thumbnail","hentry"],"acf":[],"_links":{"self":[{"href":"https:\/\/aecom.com\/fr-ca\/wp-json\/wp\/v2\/pages\/878","targetHints":{"allow":["GET"]}}],"collection":[{"href":"https:\/\/aecom.com\/fr-ca\/wp-json\/wp\/v2\/pages"}],"about":[{"href":"https:\/\/aecom.com\/fr-ca\/wp-json\/wp\/v2\/types\/page"}],"author":[{"embeddable":true,"href":"https:\/\/aecom.com\/fr-ca\/wp-json\/wp\/v2\/users\/1"}],"replies":[{"embeddable":true,"href":"https:\/\/aecom.com\/fr-ca\/wp-json\/wp\/v2\/comments?post=878"}],"version-history":[{"count":22,"href":"https:\/\/aecom.com\/fr-ca\/wp-json\/wp\/v2\/pages\/878\/revisions"}],"predecessor-version":[{"id":8762,"href":"https:\/\/aecom.com\/fr-ca\/wp-json\/wp\/v2\/pages\/878\/revisions\/8762"}],"wp:featuredmedia":[{"embeddable":true,"href":"https:\/\/aecom.com\/fr-ca\/wp-json\/wp\/v2\/media\/8214"}],"wp:attachment":[{"href":"https:\/\/aecom.com\/fr-ca\/wp-json\/wp\/v2\/media?parent=878"}],"wp:term":[{"taxonomy":"yst_prominent_words","embeddable":true,"href":"https:\/\/aecom.com\/fr-ca\/wp-json\/wp\/v2\/yst_prominent_words?post=878"}],"curies":[{"name":"wp","href":"https:\/\/api.w.org\/{rel}","templated":true}]}}