{"id":908,"date":"2019-05-28T14:15:25","date_gmt":"2019-05-28T14:15:25","guid":{"rendered":"https:\/\/aecom.com\/fr-ca\/about-us\/our-leadership\/"},"modified":"2026-01-13T21:06:27","modified_gmt":"2026-01-13T21:06:27","slug":"our-leadership","status":"publish","type":"page","link":"https:\/\/aecom.com\/fr-ca\/about-us\/our-leadership\/","title":{"rendered":"La direction"},"content":{"rendered":"\n<h2 class=\"wp-block-heading\">Direction<\/h2>\n\n\n\n<div class=\"wp-block-columns is-layout-flex wp-container-core-columns-is-layout-9d6595d7 wp-block-columns-is-layout-flex\">\n<div class=\"wp-block-column is-layout-flow wp-block-column-is-layout-flow\">\n<div class=\"wp-block-columns is-layout-flex wp-container-core-columns-is-layout-9d6595d7 wp-block-columns-is-layout-flex\">\n<div class=\"wp-block-column is-layout-flow wp-block-column-is-layout-flow\">\n<figure class=\"wp-block-image size-large\"><a href=\"https:\/\/aecom.com\/about-us\/our-leadership\/troy-rudd\/\"><img decoding=\"async\" src=\"https:\/\/aecom.com\/wp-content\/uploads\/2023\/08\/troy-rudd-profile-web-1.jpg\" alt=\"Troy Rudd AECOM CEO\" class=\"wp-image-37933\"\/><\/a><\/figure>\n<\/div>\n\n\n\n<div class=\"wp-block-column is-layout-flow wp-block-column-is-layout-flow\">\n<p class=\"has-medium-font-size\"><a href=\"http:\/\/aecom.com\/fr-ca\/about-us\/our-leadership\/troy-rudd\/\">Troy Rudd<\/a><\/p>\n\n\n\n<p>Chef de la direction<\/p>\n<\/div>\n<\/div>\n<\/div>\n\n\n\n<div class=\"wp-block-column is-layout-flow wp-block-column-is-layout-flow\"><\/div>\n<\/div>\n\n\n\n<div class=\"wp-block-columns is-layout-flex wp-container-core-columns-is-layout-9d6595d7 wp-block-columns-is-layout-flex\">\n<div class=\"wp-block-column is-layout-flow wp-block-column-is-layout-flow\">\n<div class=\"wp-block-columns is-layout-flex wp-container-core-columns-is-layout-9d6595d7 wp-block-columns-is-layout-flex\">\n<div class=\"wp-block-column is-layout-flow wp-block-column-is-layout-flow\">\n<figure class=\"wp-block-image size-full\"><img loading=\"lazy\" decoding=\"async\" width=\"200\" height=\"200\" src=\"https:\/\/aecom.com\/fr-ca\/wp-content\/uploads\/2025\/03\/Lara-Poloni-AECOM-2025-2.jpg\" alt=\"\" class=\"wp-image-7229\" srcset=\"https:\/\/aecom.com\/fr-ca\/wp-content\/uploads\/2025\/03\/Lara-Poloni-AECOM-2025-2.jpg 200w, https:\/\/aecom.com\/fr-ca\/wp-content\/uploads\/2025\/03\/Lara-Poloni-AECOM-2025-2-150x150.jpg 150w\" sizes=\"auto, (max-width: 200px) 100vw, 200px\" \/><\/figure>\n<\/div>\n\n\n\n<div class=\"wp-block-column is-layout-flow wp-block-column-is-layout-flow\">\n<p class=\"has-medium-font-size\"><a href=\"http:\/\/aecom.com\/fr-ca\/about-us\/our-leadership\/lara-poloni\/\">Lara Poloni<\/a><\/p>\n\n\n\n<p>Pr\u00e9sidente<\/p>\n<\/div>\n<\/div>\n<\/div>\n\n\n\n<div class=\"wp-block-column is-layout-flow wp-block-column-is-layout-flow\">\n<div class=\"wp-block-columns is-layout-flex wp-container-core-columns-is-layout-9d6595d7 wp-block-columns-is-layout-flex\">\n<div class=\"wp-block-column is-layout-flow wp-block-column-is-layout-flow\">\n<figure class=\"wp-block-image size-full\"><img loading=\"lazy\" decoding=\"async\" width=\"987\" height=\"987\" src=\"https:\/\/aecom.com\/fr-ca\/wp-content\/uploads\/2025\/04\/emily-gepner-profile-image.png\" alt=\"\" class=\"wp-image-7281\" srcset=\"https:\/\/aecom.com\/fr-ca\/wp-content\/uploads\/2025\/04\/emily-gepner-profile-image.png 987w, https:\/\/aecom.com\/fr-ca\/wp-content\/uploads\/2025\/04\/emily-gepner-profile-image-300x300.png 300w, https:\/\/aecom.com\/fr-ca\/wp-content\/uploads\/2025\/04\/emily-gepner-profile-image-150x150.png 150w\" sizes=\"auto, (max-width: 987px) 100vw, 987px\" \/><\/figure>\n<\/div>\n\n\n\n<div class=\"wp-block-column is-layout-flow wp-block-column-is-layout-flow\">\n<p class=\"has-text-color has-link-color has-medium-font-size wp-elements-02c1f622ad77634f724b278fe22b674f\" style=\"color:#008768\">Emily Gepner<\/p>\n\n\n\n<p>Chef des ressources humaines<\/p>\n<\/div>\n<\/div>\n<\/div>\n<\/div>\n\n\n\n<div class=\"wp-block-columns is-layout-flex wp-container-core-columns-is-layout-9d6595d7 wp-block-columns-is-layout-flex\">\n<div class=\"wp-block-column is-layout-flow wp-block-column-is-layout-flow\">\n<div class=\"wp-block-columns is-layout-flex wp-container-core-columns-is-layout-9d6595d7 wp-block-columns-is-layout-flex\">\n<div class=\"wp-block-column is-layout-flow wp-block-column-is-layout-flow\">\n<figure class=\"wp-block-image size-large\"><a href=\"https:\/\/aecom.com\/about-us\/our-leadership\/david-gan\/\"><img decoding=\"async\" src=\"https:\/\/aecom.com\/content\/wp-content\/uploads\/2019\/12\/David-Gan-web-profile.jpg\" alt=\"David Gan\" class=\"wp-image-81997\"\/><\/a><\/figure>\n<\/div>\n\n\n\n<div class=\"wp-block-column is-layout-flow wp-block-column-is-layout-flow\">\n<p class=\"has-medium-font-size\"><a href=\"\/fr-ca\/about-us\/our-leadership\/david-gan\/\">David Gan<\/a><\/p>\n\n\n\n<p>Chef des affaires juridiques<\/p>\n<\/div>\n<\/div>\n<\/div>\n\n\n\n<div class=\"wp-block-column is-layout-flow wp-block-column-is-layout-flow\">\n<div class=\"wp-block-columns is-layout-flex wp-container-core-columns-is-layout-9d6595d7 wp-block-columns-is-layout-flex\">\n<div class=\"wp-block-column is-layout-flow wp-block-column-is-layout-flow\">\n<figure class=\"wp-block-image size-large\"><a href=\"https:\/\/aecom.com\/about-us\/our-leadership\/gaurav-kapoor\/\"><img decoding=\"async\" src=\"https:\/\/aecom.com\/content\/wp-content\/uploads\/2020\/11\/Gaurav-Kapoor-cfo-profile-5.jpg\" alt=\"\" class=\"wp-image-88276\"\/><\/a><\/figure>\n<\/div>\n\n\n\n<div class=\"wp-block-column is-layout-flow wp-block-column-is-layout-flow\">\n<p class=\"has-medium-font-size\"><a href=\"\/fr-ca\/about-us\/our-leadership\/gaurav-kapoor\/\">Gaurav Kapoor<\/a><\/p>\n\n\n\n<p>Chef des affaires financi\u00e8res<\/p>\n<\/div>\n<\/div>\n<\/div>\n<\/div>\n\n\n\n<h2 class=\"wp-block-heading\">Direction Canadienne<\/h2>\n\n\n\n<div class=\"wp-block-columns is-layout-flex wp-container-core-columns-is-layout-9d6595d7 wp-block-columns-is-layout-flex\">\n<div class=\"wp-block-column is-layout-flow wp-block-column-is-layout-flow\">\n<div class=\"wp-block-columns is-layout-flex wp-container-core-columns-is-layout-9d6595d7 wp-block-columns-is-layout-flex\">\n<div class=\"wp-block-column is-layout-flow wp-block-column-is-layout-flow\">\n<figure class=\"wp-block-image size-large\"><img loading=\"lazy\" decoding=\"async\" width=\"364\" height=\"364\" src=\"https:\/\/regional-aecom.pantheonsite.io\/fr-ca\/wp-content\/uploads\/2023\/09\/richard-barrett-1.jpg\" alt=\"\" class=\"wp-image-2493\" srcset=\"https:\/\/aecom.com\/fr-ca\/wp-content\/uploads\/2023\/09\/richard-barrett-1.jpg 364w, https:\/\/aecom.com\/fr-ca\/wp-content\/uploads\/2023\/09\/richard-barrett-1-300x300.jpg 300w, https:\/\/aecom.com\/fr-ca\/wp-content\/uploads\/2023\/09\/richard-barrett-1-150x150.jpg 150w\" sizes=\"auto, (max-width: 364px) 100vw, 364px\" \/><\/figure>\n<\/div>\n\n\n\n<div class=\"wp-block-column is-layout-flow wp-block-column-is-layout-flow\">\n<p class=\"has-text-color has-medium-font-size\" style=\"color:#008768\"><a href=\"https:\/\/aecom.com\/fr-ca\/about-us\/our-leadership\/richard-barrett-2\/\" data-type=\"page\" data-id=\"6631\">Richard Barrett<\/a><\/p>\n\n\n\n<p>Vice-pr\u00e9sident directeur, Chef de la direction de la r\u00e9gion Canada<\/p>\n<\/div>\n<\/div>\n<\/div>\n\n\n\n<div class=\"wp-block-column is-layout-flow wp-block-column-is-layout-flow\">\n<div class=\"wp-block-columns is-layout-flex wp-container-core-columns-is-layout-9d6595d7 wp-block-columns-is-layout-flex\">\n<div class=\"wp-block-column is-layout-flow wp-block-column-is-layout-flow\">\n<figure class=\"wp-block-image size-large\"><img loading=\"lazy\" decoding=\"async\" width=\"364\" height=\"364\" src=\"https:\/\/aecom.com\/fr-ca\/wp-content\/uploads\/2024\/01\/katherine-stephens-1.jpg\" alt=\"\" class=\"wp-image-4676\" srcset=\"https:\/\/aecom.com\/fr-ca\/wp-content\/uploads\/2024\/01\/katherine-stephens-1.jpg 364w, https:\/\/aecom.com\/fr-ca\/wp-content\/uploads\/2024\/01\/katherine-stephens-1-300x300.jpg 300w, https:\/\/aecom.com\/fr-ca\/wp-content\/uploads\/2024\/01\/katherine-stephens-1-150x150.jpg 150w\" sizes=\"auto, (max-width: 364px) 100vw, 364px\" \/><\/figure>\n<\/div>\n\n\n\n<div class=\"wp-block-column is-layout-flow wp-block-column-is-layout-flow\">\n<p class=\"has-text-color has-medium-font-size\" style=\"color:#008768\"><a href=\"mailto:chris.redmond@aecom.com\"><\/a><a href=\"https:\/\/aecom.com\/fr-ca\/about-us\/our-leadership\/katherine-stephens\/\" data-type=\"page\" data-id=\"6639\">Katherine Stephens<\/a><\/p>\n\n\n\n<p>Vice-pr\u00e9sidente principale, Directrice de l&#8217;exploitation<\/p>\n<\/div>\n<\/div>\n<\/div>\n<\/div>\n\n\n\n<div class=\"wp-block-columns is-layout-flex wp-container-core-columns-is-layout-9d6595d7 wp-block-columns-is-layout-flex\">\n<div class=\"wp-block-column is-layout-flow wp-block-column-is-layout-flow\">\n<div class=\"wp-block-columns is-layout-flex wp-container-core-columns-is-layout-9d6595d7 wp-block-columns-is-layout-flex\">\n<div class=\"wp-block-column is-layout-flow wp-block-column-is-layout-flow\">\n<figure class=\"wp-block-image size-full\"><img loading=\"lazy\" decoding=\"async\" width=\"364\" height=\"364\" src=\"https:\/\/aecom.com\/fr-ca\/wp-content\/uploads\/2025\/06\/joseph-salim.jpg\" alt=\"\" class=\"wp-image-7357\" srcset=\"https:\/\/aecom.com\/fr-ca\/wp-content\/uploads\/2025\/06\/joseph-salim.jpg 364w, https:\/\/aecom.com\/fr-ca\/wp-content\/uploads\/2025\/06\/joseph-salim-300x300.jpg 300w, https:\/\/aecom.com\/fr-ca\/wp-content\/uploads\/2025\/06\/joseph-salim-150x150.jpg 150w\" sizes=\"auto, (max-width: 364px) 100vw, 364px\" \/><\/figure>\n<\/div>\n\n\n\n<div class=\"wp-block-column is-layout-flow wp-block-column-is-layout-flow\">\n<p class=\"has-text-color has-medium-font-size\" style=\"color:#008768\"><a href=\"https:\/\/aecom.com\/fr-ca\/about-us\/our-leadership\/joseph-salim\/\" data-type=\"page\" data-id=\"6646\">Joseph Salim<\/a><\/p>\n\n\n\n<p>Vice-pr\u00e9sident principal, Canada Est<\/p>\n<\/div>\n<\/div>\n<\/div>\n\n\n\n<div class=\"wp-block-column is-layout-flow wp-block-column-is-layout-flow\">\n<div class=\"wp-block-columns is-layout-flex wp-container-core-columns-is-layout-9d6595d7 wp-block-columns-is-layout-flex\">\n<div class=\"wp-block-column is-layout-flow wp-block-column-is-layout-flow\">\n<figure class=\"wp-block-image size-full\"><img loading=\"lazy\" decoding=\"async\" width=\"364\" height=\"364\" src=\"https:\/\/aecom.com\/fr-ca\/wp-content\/uploads\/2025\/10\/justin-trevan.com_-1.jpg\" alt=\"\" class=\"wp-image-7908\" srcset=\"https:\/\/aecom.com\/fr-ca\/wp-content\/uploads\/2025\/10\/justin-trevan.com_-1.jpg 364w, https:\/\/aecom.com\/fr-ca\/wp-content\/uploads\/2025\/10\/justin-trevan.com_-1-300x300.jpg 300w, https:\/\/aecom.com\/fr-ca\/wp-content\/uploads\/2025\/10\/justin-trevan.com_-1-150x150.jpg 150w\" sizes=\"auto, (max-width: 364px) 100vw, 364px\" \/><\/figure>\n<\/div>\n\n\n\n<div class=\"wp-block-column is-layout-flow wp-block-column-is-layout-flow\">\n<p class=\"has-text-color has-medium-font-size\" style=\"color:#008768\"><a href=\"https:\/\/aecom.com\/fr-ca\/about-us\/our-leadership\/justin-trevan\/\" data-type=\"page\" data-id=\"8245\">Justin Trevan<\/a><\/p>\n\n\n\n<p>Vice-pr\u00e9sident principal, Strat\u00e9gie, innovation et d\u00e9veloppement des affaires, Responsable de secteur d\u2019activit\u00e9 en services-conseils<\/p>\n<\/div>\n<\/div>\n<\/div>\n<\/div>\n\n\n\n<div class=\"wp-block-columns is-layout-flex wp-container-core-columns-is-layout-9d6595d7 wp-block-columns-is-layout-flex\">\n<div class=\"wp-block-column is-layout-flow wp-block-column-is-layout-flow\">\n<div class=\"wp-block-columns is-layout-flex wp-container-core-columns-is-layout-9d6595d7 wp-block-columns-is-layout-flex\">\n<div class=\"wp-block-column is-layout-flow wp-block-column-is-layout-flow\">\n<figure class=\"wp-block-image size-large\"><img loading=\"lazy\" decoding=\"async\" width=\"364\" height=\"364\" src=\"https:\/\/regional-aecom.pantheonsite.io\/fr-ca\/wp-content\/uploads\/2023\/10\/ian-dyck-2.jpg\" alt=\"\" class=\"wp-image-2978\" srcset=\"https:\/\/aecom.com\/fr-ca\/wp-content\/uploads\/2023\/10\/ian-dyck-2.jpg 364w, https:\/\/aecom.com\/fr-ca\/wp-content\/uploads\/2023\/10\/ian-dyck-2-300x300.jpg 300w, https:\/\/aecom.com\/fr-ca\/wp-content\/uploads\/2023\/10\/ian-dyck-2-150x150.jpg 150w\" sizes=\"auto, (max-width: 364px) 100vw, 364px\" \/><\/figure>\n<\/div>\n\n\n\n<div class=\"wp-block-column is-layout-flow wp-block-column-is-layout-flow\">\n<p class=\"has-text-color has-medium-font-size\" style=\"color:#008768\"><a href=\"https:\/\/aecom.com\/fr-ca\/about-us\/our-leadership\/ian-dyck-2\/\" data-type=\"page\" data-id=\"6654\">Ian Dyck<\/a><\/p>\n\n\n\n<p>Vice-pr\u00e9sident principal, Responsable de secteur d\u2019activit\u00e9, Eau<\/p>\n<\/div>\n<\/div>\n<\/div>\n\n\n\n<div class=\"wp-block-column is-layout-flow wp-block-column-is-layout-flow\">\n<div class=\"wp-block-columns is-layout-flex wp-container-core-columns-is-layout-9d6595d7 wp-block-columns-is-layout-flex\">\n<div class=\"wp-block-column is-layout-flow wp-block-column-is-layout-flow\">\n<figure class=\"wp-block-image size-full\"><img loading=\"lazy\" decoding=\"async\" width=\"364\" height=\"364\" src=\"https:\/\/aecom.com\/fr-ca\/wp-content\/uploads\/2026\/01\/joanne-mccall-web-2.jpg\" alt=\"\" class=\"wp-image-8289\" srcset=\"https:\/\/aecom.com\/fr-ca\/wp-content\/uploads\/2026\/01\/joanne-mccall-web-2.jpg 364w, https:\/\/aecom.com\/fr-ca\/wp-content\/uploads\/2026\/01\/joanne-mccall-web-2-300x300.jpg 300w, https:\/\/aecom.com\/fr-ca\/wp-content\/uploads\/2026\/01\/joanne-mccall-web-2-150x150.jpg 150w\" sizes=\"auto, (max-width: 364px) 100vw, 364px\" \/><\/figure>\n<\/div>\n\n\n\n<div class=\"wp-block-column is-layout-flow wp-block-column-is-layout-flow\">\n<p class=\"has-text-color has-medium-font-size\" style=\"color:#008768\"><a href=\"https:\/\/aecom.com\/fr-ca\/about-us\/our-leadership\/joanne-mccall\/\" data-type=\"page\" data-id=\"8275\">Joanne McCall<\/a><\/p>\n\n\n\n<p>Vice-pr\u00e9sident principal, Responsable de secteur d\u2019activit\u00e9, Transport<\/p>\n<\/div>\n<\/div>\n<\/div>\n<\/div>\n\n\n\n<div class=\"wp-block-columns is-layout-flex wp-container-core-columns-is-layout-9d6595d7 wp-block-columns-is-layout-flex\">\n<div class=\"wp-block-column is-layout-flow wp-block-column-is-layout-flow\">\n<div class=\"wp-block-columns is-layout-flex wp-container-core-columns-is-layout-9d6595d7 wp-block-columns-is-layout-flex\">\n<div class=\"wp-block-column is-layout-flow wp-block-column-is-layout-flow\">\n<figure class=\"wp-block-image size-large\"><img loading=\"lazy\" decoding=\"async\" width=\"364\" height=\"364\" src=\"https:\/\/regional-aecom.pantheonsite.io\/fr-ca\/wp-content\/uploads\/2023\/10\/greg-quandt-1.jpg\" alt=\"\" class=\"wp-image-2882\" srcset=\"https:\/\/aecom.com\/fr-ca\/wp-content\/uploads\/2023\/10\/greg-quandt-1.jpg 364w, https:\/\/aecom.com\/fr-ca\/wp-content\/uploads\/2023\/10\/greg-quandt-1-300x300.jpg 300w, https:\/\/aecom.com\/fr-ca\/wp-content\/uploads\/2023\/10\/greg-quandt-1-150x150.jpg 150w\" sizes=\"auto, (max-width: 364px) 100vw, 364px\" \/><\/figure>\n<\/div>\n\n\n\n<div class=\"wp-block-column is-layout-flow wp-block-column-is-layout-flow\">\n<p class=\"has-text-color has-medium-font-size\" style=\"color:#008768\"><a href=\"https:\/\/aecom.com\/fr-ca\/about-us\/our-leadership\/greg-quandt-2\/\" data-type=\"page\" data-id=\"6671\">Greg Quandt<\/a><\/p>\n\n\n\n<p>Vice-pr\u00e9sident principal, Responsable de secteur d\u2019activit\u00e9, Environnement<\/p>\n<\/div>\n<\/div>\n<\/div>\n\n\n\n<div class=\"wp-block-column is-layout-flow wp-block-column-is-layout-flow\">\n<div class=\"wp-block-columns is-layout-flex wp-container-core-columns-is-layout-9d6595d7 wp-block-columns-is-layout-flex\">\n<div class=\"wp-block-column is-layout-flow wp-block-column-is-layout-flow\">\n<figure class=\"wp-block-image size-full\"><img loading=\"lazy\" decoding=\"async\" width=\"364\" height=\"364\" src=\"https:\/\/aecom.com\/fr-ca\/wp-content\/uploads\/2026\/01\/nikos-chalaris-web-1.jpg\" alt=\"\" class=\"wp-image-8310\" srcset=\"https:\/\/aecom.com\/fr-ca\/wp-content\/uploads\/2026\/01\/nikos-chalaris-web-1.jpg 364w, https:\/\/aecom.com\/fr-ca\/wp-content\/uploads\/2026\/01\/nikos-chalaris-web-1-300x300.jpg 300w, https:\/\/aecom.com\/fr-ca\/wp-content\/uploads\/2026\/01\/nikos-chalaris-web-1-150x150.jpg 150w\" sizes=\"auto, (max-width: 364px) 100vw, 364px\" \/><\/figure>\n<\/div>\n\n\n\n<div class=\"wp-block-column is-layout-flow wp-block-column-is-layout-flow\">\n<p class=\"has-text-color has-medium-font-size\" style=\"color:#008768\"><a href=\"https:\/\/aecom.com\/fr-ca\/about-us\/our-leadership\/nikos-chalaris\/\" data-type=\"page\" data-id=\"6676\">Nikos Chalaris<\/a><\/p>\n\n\n\n<p>Vice-pr\u00e9sident principal, responsable r\u00e9gional du secteur d\u2019affaires gestion de programmes<\/p>\n<\/div>\n<\/div>\n<\/div>\n<\/div>\n\n\n\n<div class=\"wp-block-columns is-layout-flex wp-container-core-columns-is-layout-9d6595d7 wp-block-columns-is-layout-flex\">\n<div class=\"wp-block-column is-layout-flow wp-block-column-is-layout-flow\">\n<div class=\"wp-block-columns is-layout-flex wp-container-core-columns-is-layout-9d6595d7 wp-block-columns-is-layout-flex\">\n<div class=\"wp-block-column is-layout-flow wp-block-column-is-layout-flow\">\n<figure class=\"wp-block-image size-large\"><img loading=\"lazy\" decoding=\"async\" width=\"364\" height=\"364\" src=\"https:\/\/regional-aecom.pantheonsite.io\/fr-ca\/wp-content\/uploads\/2023\/10\/mj-croonen-2-3.jpg\" alt=\"\" class=\"wp-image-2992\" srcset=\"https:\/\/aecom.com\/fr-ca\/wp-content\/uploads\/2023\/10\/mj-croonen-2-3.jpg 364w, https:\/\/aecom.com\/fr-ca\/wp-content\/uploads\/2023\/10\/mj-croonen-2-3-300x300.jpg 300w, https:\/\/aecom.com\/fr-ca\/wp-content\/uploads\/2023\/10\/mj-croonen-2-3-150x150.jpg 150w\" sizes=\"auto, (max-width: 364px) 100vw, 364px\" \/><\/figure>\n<\/div>\n\n\n\n<div class=\"wp-block-column is-layout-flow wp-block-column-is-layout-flow\">\n<p class=\"has-text-color has-medium-font-size\" style=\"color:#008768\"><a href=\"https:\/\/aecom.com\/fr-ca\/about-us\/our-leadership\/marie-jose-croonen\/\" data-type=\"page\" data-id=\"6676\">Marie-Jose Croonen<\/a><\/p>\n\n\n\n<p>Vice-pr\u00e9sidente, \u00c9nergie<\/p>\n<\/div>\n<\/div>\n<\/div>\n\n\n\n<div class=\"wp-block-column is-layout-flow wp-block-column-is-layout-flow\">\n<div class=\"wp-block-columns is-layout-flex wp-container-core-columns-is-layout-9d6595d7 wp-block-columns-is-layout-flex\">\n<div class=\"wp-block-column is-layout-flow wp-block-column-is-layout-flow\">\n<figure class=\"wp-block-image size-full\"><img loading=\"lazy\" decoding=\"async\" width=\"364\" height=\"364\" src=\"https:\/\/aecom.com\/fr-ca\/wp-content\/uploads\/2026\/01\/preston-jonathan-web-2.png\" alt=\"\" class=\"wp-image-8290\" srcset=\"https:\/\/aecom.com\/fr-ca\/wp-content\/uploads\/2026\/01\/preston-jonathan-web-2.png 364w, https:\/\/aecom.com\/fr-ca\/wp-content\/uploads\/2026\/01\/preston-jonathan-web-2-300x300.png 300w, https:\/\/aecom.com\/fr-ca\/wp-content\/uploads\/2026\/01\/preston-jonathan-web-2-150x150.png 150w\" sizes=\"auto, (max-width: 364px) 100vw, 364px\" \/><\/figure>\n<\/div>\n\n\n\n<div class=\"wp-block-column is-layout-flow wp-block-column-is-layout-flow\">\n<p class=\"has-text-color has-medium-font-size\" style=\"color:#008768\"><a href=\"https:\/\/aecom.com\/fr-ca\/about-us\/our-leadership\/jonathon-preston\/\" data-type=\"page\" data-id=\"8294\">Jonathon Preston<\/a><\/p>\n\n\n\n<p>Vice-pr\u00e9sident, Services gouvernementaux, F\u00e9d\u00e9ral<\/p>\n<\/div>\n<\/div>\n<\/div>\n<\/div>\n\n\n\n<div class=\"wp-block-columns is-layout-flex wp-container-core-columns-is-layout-9d6595d7 wp-block-columns-is-layout-flex\">\n<div class=\"wp-block-column is-layout-flow wp-block-column-is-layout-flow\">\n<div class=\"wp-block-columns is-layout-flex wp-container-core-columns-is-layout-9d6595d7 wp-block-columns-is-layout-flex\">\n<div class=\"wp-block-column is-layout-flow wp-block-column-is-layout-flow\">\n<figure class=\"wp-block-image size-full\"><img loading=\"lazy\" decoding=\"async\" width=\"364\" height=\"364\" src=\"https:\/\/aecom.com\/fr-ca\/wp-content\/uploads\/2024\/07\/carl-daniel.jpg\" alt=\"\" class=\"wp-image-5633\" srcset=\"https:\/\/aecom.com\/fr-ca\/wp-content\/uploads\/2024\/07\/carl-daniel.jpg 364w, https:\/\/aecom.com\/fr-ca\/wp-content\/uploads\/2024\/07\/carl-daniel-300x300.jpg 300w, https:\/\/aecom.com\/fr-ca\/wp-content\/uploads\/2024\/07\/carl-daniel-150x150.jpg 150w\" sizes=\"auto, (max-width: 364px) 100vw, 364px\" \/><\/figure>\n<\/div>\n\n\n\n<div class=\"wp-block-column is-layout-flow wp-block-column-is-layout-flow\">\n<p class=\"has-text-color has-medium-font-size\" style=\"color:#008768\"><a href=\"https:\/\/aecom.com\/fr-ca\/about-us\/our-leadership\/carl-daniel-2\/\" data-type=\"page\" data-id=\"6693\">Carl Daniel<\/a><\/p>\n\n\n\n<p>Vice-pr\u00e9sident, ing\u00e9nieur nucl\u00e9aire en chef&nbsp;<\/p>\n<\/div>\n<\/div>\n<\/div>\n\n\n\n<div class=\"wp-block-column is-layout-flow wp-block-column-is-layout-flow\">\n<div class=\"wp-block-columns is-layout-flex wp-container-core-columns-is-layout-9d6595d7 wp-block-columns-is-layout-flex\">\n<div class=\"wp-block-column is-layout-flow wp-block-column-is-layout-flow\"><\/div>\n\n\n\n<div class=\"wp-block-column is-layout-flow wp-block-column-is-layout-flow\"><\/div>\n<\/div>\n<\/div>\n<\/div>\n","protected":false},"excerpt":{"rendered":"<p>Direction Troy Rudd Chef de la direction Lara Poloni Pr\u00e9sidente Emily Gepner Chef des ressources humaines David Gan Chef des affaires juridiques Gaurav Kapoor Chef des affaires financi\u00e8res Direction Canadienne Richard Barrett Vice-pr\u00e9sident directeur, Chef de la direction de la r\u00e9gion Canada Katherine Stephens Vice-pr\u00e9sidente principale, Directrice de l&#8217;exploitation Joseph Salim Vice-pr\u00e9sident principal, Canada Est&#8230;<\/p>\n","protected":false},"author":420,"featured_media":912,"parent":878,"menu_order":0,"comment_status":"closed","ping_status":"closed","template":"","meta":{"_acf_changed":false,"footnotes":""},"yst_prominent_words":[],"class_list":["post-908","page","type-page","status-publish","has-post-thumbnail","hentry"],"acf":[],"_links":{"self":[{"href":"https:\/\/aecom.com\/fr-ca\/wp-json\/wp\/v2\/pages\/908","targetHints":{"allow":["GET"]}}],"collection":[{"href":"https:\/\/aecom.com\/fr-ca\/wp-json\/wp\/v2\/pages"}],"about":[{"href":"https:\/\/aecom.com\/fr-ca\/wp-json\/wp\/v2\/types\/page"}],"author":[{"embeddable":true,"href":"https:\/\/aecom.com\/fr-ca\/wp-json\/wp\/v2\/users\/420"}],"replies":[{"embeddable":true,"href":"https:\/\/aecom.com\/fr-ca\/wp-json\/wp\/v2\/comments?post=908"}],"version-history":[{"count":11,"href":"https:\/\/aecom.com\/fr-ca\/wp-json\/wp\/v2\/pages\/908\/revisions"}],"predecessor-version":[{"id":8312,"href":"https:\/\/aecom.com\/fr-ca\/wp-json\/wp\/v2\/pages\/908\/revisions\/8312"}],"up":[{"embeddable":true,"href":"https:\/\/aecom.com\/fr-ca\/wp-json\/wp\/v2\/pages\/878"}],"wp:featuredmedia":[{"embeddable":true,"href":"https:\/\/aecom.com\/fr-ca\/wp-json\/wp\/v2\/media\/912"}],"wp:attachment":[{"href":"https:\/\/aecom.com\/fr-ca\/wp-json\/wp\/v2\/media?parent=908"}],"wp:term":[{"taxonomy":"yst_prominent_words","embeddable":true,"href":"https:\/\/aecom.com\/fr-ca\/wp-json\/wp\/v2\/yst_prominent_words?post=908"}],"curies":[{"name":"wp","href":"https:\/\/api.w.org\/{rel}","templated":true}]}}