{"id":992,"date":"2023-07-05T07:44:02","date_gmt":"2023-07-05T07:44:02","guid":{"rendered":"https:\/\/aecom.com\/fr-ca\/canadian-safety-certifications\/"},"modified":"2026-01-26T20:43:32","modified_gmt":"2026-01-26T20:43:32","slug":"canadian-safety-certifications","status":"publish","type":"page","link":"https:\/\/aecom.com\/fr-ca\/about-us\/safety\/canadian-safety-certifications\/","title":{"rendered":"Certifications de s\u00e9curit\u00e9 canadiennes"},"content":{"rendered":"\n<div class=\"aecom-custom-block block-intro-text\" style=\"margin-top: 0px; margin-bottom: 40px\">\n    <p class=\"editor-emphasized\">\n        Le programme Certificat de Reconnaissance (CDR) est un programme d&#8217;accr\u00e9ditation reconnu \u00e0 l&#8217;\u00e9chelle nationale qui v\u00e9rifie qu&#8217;AECOM a mis en place un syst\u00e8me de gestion de la sant\u00e9 et de la s\u00e9curit\u00e9 qui r\u00e9pond aux normes nationales de la F\u00e9d\u00e9ration canadienne des associations de s\u00e9curit\u00e9 dans la construction (FCASC).    <\/p>\n<\/div>\n\n\n<p>Le maintien du CDR assure une r\u00e9vision continue du syst\u00e8me de gestion de la sant\u00e9 et de la s\u00e9curit\u00e9 d&#8217;AECOM afin d&#8217;identifier et de corriger les d\u00e9fauts, de r\u00e9duire les incidents et les blessures sur le lieu de travail et d&#8217;am\u00e9liorer l&#8217;efficacit\u00e9 globale sur nos lieux de travail.<\/p>\n\n\n\n<p>AECOM a obtenu sa certification CDR ou d&#8217;autres certifications de s\u00e9curit\u00e9 similaires dans toutes les provinces et tous les territoires o\u00f9 le programme existe pour nos bureaux.<\/p>\n\n\n\n<p>Pour plus d&#8217;informations, contactez l&#8217;auditeur AECOM local ou le directeur SH&amp;E de votre r\u00e9gion.<\/p>\n\n\n\n<p style=\"font-style:normal;font-weight:400\"><strong>Colombie-Britannique<\/strong><br>Auditeur:\u00a0<a href=\"mailto:Devon.Waters@aecom.com\">Devon Waters<\/a><br>Directrice SSE:\u00a0<a href=\"mailto:amanda.hjelmeland@aecom.com\">Amanda Hjelmeland<\/a><\/p>\n\n\n\n<p style=\"font-style:normal;font-weight:400\"><strong>Alberta<\/strong><br>Auditrice: <a href=\"mailto:Courtney.Mason@aecom.com\">Courtney Mason<\/a><br>Directrice SSE:\u00a0<a href=\"mailto:amanda.hjelmeland@aecom.com\">Amanda Hjelmeland<\/a><\/p>\n\n\n\n<p style=\"font-style:normal;font-weight:400\"><strong>Saskatchewan<\/strong><br>Auditeur:\u00a0<a href=\"mailto:Jay.Allen@aecom.com\">Jay Allen<\/a><br>Directrice SSE:\u00a0<a href=\"mailto:amanda.hjelmeland@aecom.com\">Amanda Hjelmeland<\/a><\/p>\n\n\n\n<p style=\"font-style:normal;font-weight:400\"><strong>Manitoba<\/strong><br>Auditrice:\u00a0<a href=\"mailto:leisa.krawchuck@aecom.com\">Leisa Krawchuck<\/a><br>Directrice SSE:\u00a0<a href=\"mailto:amanda.hjelmeland@aecom.com\">Amanda Hjelmeland<\/a><\/p>\n\n\n\n<p style=\"font-style:normal;font-weight:400\"><strong>Territoires-du-Nord-Ouest\/Nunavut<\/strong><br>Auditrice\/Directrice SSE:\u00a0<a href=\"mailto:amanda.hjelmeland@aecom.com\">Amanda Hjelmeland<\/a><\/p>\n\n\n\n<p style=\"font-style:normal;font-weight:400\"><strong>Ontario<\/strong><br>Auditrice: <a href=\"mailto:Jennifer.Deline@aecom.com\">Jennifer Deline<\/a><br>Directeur SSE:\u00a0<a href=\"mailto:gregg.ferris@aecom.com\">Gregg Ferris<\/a><\/p>\n\n\n\n<p style=\"font-style:normal;font-weight:400\"><strong>Nouvelle-\u00c9cosse<\/strong><br>Auditrice:\u00a0<a href=\"mailto:janice.shea@aecom.com\">Janice Shea<\/a><br>Directrice SSE:\u00a0<a href=\"mailto:sarah.macneil@aecom.com\">Sarah MacNeil<\/a><\/p>\n","protected":false},"excerpt":{"rendered":"<p>Le maintien du CDR assure une r\u00e9vision continue du syst\u00e8me de gestion de la sant\u00e9 et de la s\u00e9curit\u00e9 d&#8217;AECOM afin d&#8217;identifier et de corriger les d\u00e9fauts, de r\u00e9duire les incidents et les blessures sur le lieu de travail et d&#8217;am\u00e9liorer l&#8217;efficacit\u00e9 globale sur nos lieux de travail. AECOM a obtenu sa certification CDR ou&#8230;<\/p>\n","protected":false},"author":558,"featured_media":0,"parent":1028,"menu_order":0,"comment_status":"closed","ping_status":"closed","template":"","meta":{"_acf_changed":false,"footnotes":""},"yst_prominent_words":[],"class_list":["post-992","page","type-page","status-publish","hentry"],"acf":[],"_links":{"self":[{"href":"https:\/\/aecom.com\/fr-ca\/wp-json\/wp\/v2\/pages\/992","targetHints":{"allow":["GET"]}}],"collection":[{"href":"https:\/\/aecom.com\/fr-ca\/wp-json\/wp\/v2\/pages"}],"about":[{"href":"https:\/\/aecom.com\/fr-ca\/wp-json\/wp\/v2\/types\/page"}],"author":[{"embeddable":true,"href":"https:\/\/aecom.com\/fr-ca\/wp-json\/wp\/v2\/users\/558"}],"replies":[{"embeddable":true,"href":"https:\/\/aecom.com\/fr-ca\/wp-json\/wp\/v2\/comments?post=992"}],"version-history":[{"count":13,"href":"https:\/\/aecom.com\/fr-ca\/wp-json\/wp\/v2\/pages\/992\/revisions"}],"predecessor-version":[{"id":8498,"href":"https:\/\/aecom.com\/fr-ca\/wp-json\/wp\/v2\/pages\/992\/revisions\/8498"}],"up":[{"embeddable":true,"href":"https:\/\/aecom.com\/fr-ca\/wp-json\/wp\/v2\/pages\/1028"}],"wp:attachment":[{"href":"https:\/\/aecom.com\/fr-ca\/wp-json\/wp\/v2\/media?parent=992"}],"wp:term":[{"taxonomy":"yst_prominent_words","embeddable":true,"href":"https:\/\/aecom.com\/fr-ca\/wp-json\/wp\/v2\/yst_prominent_words?post=992"}],"curies":[{"name":"wp","href":"https:\/\/api.w.org\/{rel}","templated":true}]}}